{"id":3964,"date":"2018-12-10T05:01:38","date_gmt":"2018-12-10T05:01:38","guid":{"rendered":"https:\/\/surielementor.com\/evockans\/?page_id=3964"},"modified":"2021-09-21T16:29:19","modified_gmt":"2021-09-21T14:29:19","slug":"quienes-somos","status":"publish","type":"page","link":"https:\/\/groupgia.com\/es\/quienes-somos\/","title":{"rendered":"\u00bfQui\u00e9nes somos?"},"content":{"rendered":"<div class=\"wpb-content-wrapper\"><p>[vc_row full_width=\u00bbstretch_row\u00bb parallax=\u00bbcontent-moving\u00bb parallax_image=\u00bb5787&#8243; default_id=\u00bbthemesflat_1544600604&#8243;][vc_column]\r\n\t\t<div class=\"themesflat_sc_vc-spacer clearfix\" data-desktop=\"96\" data-mobi=\"60\" data-smobi=\"60\"><\/div><div class=\"themesflat_sc_vc-content-box clearfix  \" data-padding=\"0% 0% 0% 8%\" data-mobipadding=\"0% 0% 0% 0%\" data-margin=\"\" data-mobimargin=\"\" style=\"\">\r\n    \t\t\r\n    \t\t<div class=\"inner \" style=\"\">\r\n    \t\t\t\r\n    \t\t<\/div>\r\n    \t<\/div>[vc_row_inner][vc_column_inner width=\u00bb1\/2&#8243;]<div class=\"themesflat_sc_vc-content-box clearfix  \" data-padding=\"\" data-mobipadding=\"\" data-margin=\"\" data-mobimargin=\"\" style=\"\">\r\n    \t\t\r\n    \t\t<div class=\"inner \" style=\"\">\r\n    \t\t\t<div class=\"themesflat_sc_vc-spacer clearfix\" data-desktop=\"5\" data-mobi=\"0\" data-smobi=\"40\"><\/div><div class=\"themesflat_sc_vc-headings clearfix \" data-font=33 data-mfont=24 style=\"\"><h1 class=\"heading clearfix\" style=\"font-weight:700;line-height:130%;margin-bottom:20px;letter-spacing:-2px;word-spacing:2px;font-size:33px;\">\r\n\t\t\tGIA Group, nuestros or\u00edgenes\r\n\t\t<\/h1><div class=\"sep  clearfix\" style=\"width:100px;height:3px;background-color:#0578b0;\"><\/div><\/div>[vc_column_text css=\u00bb.vc_custom_1629902654188{margin-top: 20px !important;}\u00bb]<strong>GIA GROUP<\/strong>\u00a0naci\u00f3 en el a\u00f1o 2000, de la mano de profesionales con dilatada experiencia en el sector de la climatizaci\u00f3n. De capital 100% Espa\u00f1ol, nuestro centro de operaciones se encuentra en Barcelona.\u00a0<strong>GIA GROUP<\/strong>\u00a0apuesta por un nuevo modelo de negocio desarrollando la fabricaci\u00f3n de productos de climatizaci\u00f3n altamente eficientes al alcance de todos.[\/vc_column_text]\r\n\t\t<div class=\"themesflat_sc_vc-spacer clearfix\" data-desktop=\"24\" data-mobi=\"30\" data-smobi=\"30\"><\/div><div class=\"themesflat_sc_vc-list clearfix icon-left icon-middle\" style=\"\">\r\n\t\t\t<div style=\"margin-bottom:10px;\">\r\n\t\t\t\t<span style=\"padding-left:22px;color:#222222\"><span class=\"icon simple\" style=\"color:#0578b0;font-size:15px;\">\r\n\t\t\t\t<i class=\"fa fa-check-square\"><\/i>\r\n\t\t\t<\/span> <span style=\"font-weight:600;font-size:14px;\">Ofrecemos productos innovadores y de alta calidad<\/span><\/span>\r\n\t\t\t<\/div>\r\n\t\t<\/div><div class=\"themesflat_sc_vc-list clearfix icon-left icon-middle\" style=\"\">\r\n\t\t\t<div style=\"margin-bottom:10px;\">\r\n\t\t\t\t<span style=\"padding-left:22px;color:#222222\"><span class=\"icon simple\" style=\"color:#0578b0;font-size:15px;\">\r\n\t\t\t\t<i class=\"fa fa-check-square\"><\/i>\r\n\t\t\t<\/span> <span style=\"font-weight:600;font-size:14px;\">Productos con la \u00faltima tecnolog\u00eda del mercado<\/span><\/span>\r\n\t\t\t<\/div>\r\n\t\t<\/div><div class=\"themesflat_sc_vc-list clearfix icon-left icon-middle\" style=\"\">\r\n\t\t\t<div style=\"margin-bottom:10px;\">\r\n\t\t\t\t<span style=\"padding-left:22px;color:#222222\"><span class=\"icon simple\" style=\"color:#0578b0;font-size:15px;\">\r\n\t\t\t\t<i class=\"fa fa-check-square\"><\/i>\r\n\t\t\t<\/span> <span style=\"font-weight:600;font-size:14px;\">Todos nuestros productos son respetuosos con el medio ambiente<\/span><\/span>\r\n\t\t\t<\/div>\r\n\t\t<\/div>\n\r\n    \t\t<\/div>\r\n    \t<\/div>[\/vc_column_inner][vc_column_inner width=\u00bb1\/2&#8243;][\/vc_column_inner][\/vc_row_inner]\r\n\t\t<div class=\"themesflat_sc_vc-spacer clearfix\" data-desktop=\"95\" data-mobi=\"60\" data-smobi=\"60\"><\/div>[\/vc_column][\/vc_row][vc_row full_width=\u00bbstretch_row\u00bb default_id=\u00bbthemesflat_1540447410&#8243;][vc_column]\r\n\t\t<div class=\"themesflat_sc_vc-spacer clearfix\" data-desktop=\"90\" data-mobi=\"60\" data-smobi=\"60\"><\/div><div class=\"themesflat_sc_vc-headings clearfix text-center\" data-font=33 data-mfont=24 style=\"\"><h2 class=\"heading clearfix\" style=\"font-weight:700;line-height:130%;margin-bottom:20px;letter-spacing:-2px;word-spacing:2px;font-size:33px;\">\r\n\t\t\tLos valores de nuestra marca\r\n\t\t<\/h2><div class=\"sep  clearfix\" style=\"width:100px;height:3px;background-color:#0578b0;\"><\/div><\/div>\r\n\t\t<div class=\"themesflat_sc_vc-spacer clearfix\" data-desktop=\"30\" data-mobi=\"60\" data-smobi=\"60\"><\/div>[vc_row_inner][vc_column_inner offset=\u00bbvc_col-lg-1 vc_col-md-12&#8243;][\/vc_column_inner][vc_column_inner offset=\u00bbvc_col-lg-10 vc_col-md-12&#8243;]\r\n\t\t<div class=\"themesflat_sc_vc-tabs clearfix style-1\">\r\n\t\t<ul class=\"tab-title clearfix\" style=\"border-radius:5px;margin:0px 0px 10px 0px;box-shadow:0px 2px 10px 0px rgba(0,0,0,0.075);\" data-color=\"#111111\" data-colorhover=\"#2387ea\" data-coloractive=\"#2387ea\" data-bgcolor=\"#ffffff\" ><\/ul>\r\n\t\t<div class=\"tab-content-wrap\"><div class=\"tab-content \" style=\"\"><li class=\"item-title icon-top\" style=\"font-weight:600;font-size:15px;\">\r\n\t\t\t\t<span class=\"inner\" style=\"padding:15px 30px 21px;\">\r\n\t\t\t\t<div class=\"icon-wrap\" style=\"line-height:50px;width:50px;height:50px;font-size:40px;color:#0578b0;margin:0px 0px 7px 0px;\">\r\n\t\t\t\t\t<i class=\"vc-oi vc-oi-ok-circle\"><\/i>\r\n\t\t\t\t<\/div> Est\u00e1ndares de calidad\r\n\t\t\t\t<\/span>\r\n\t\t\t<\/li><div class=\"item-content\" style=\"color:#4b4b4a;background-color:#ffffff;padding:30px 0px 0px;\"><div class=\"themesflat_sc_vc-single-image   one-six overlay_hover_display \" style=\"\">\r\n\t\t\t\t<div class=\"wrap-image\" ><img decoding=\"async\" alt=\"image\" src=\"https:\/\/groupgia.com\/wp-content\/uploads\/2021\/09\/calidad.png\" style=\"\"\/><span class=\"overlay\" style=\"\"><\/span><\/div>\r\n\t\t\t\t\r\n\t\t\t<\/div><div class=\"themesflat_sc_vc-content-box clearfix  one-six\" data-padding=\"0px 15px\" data-mobipadding=\"\" data-margin=\"\" data-mobimargin=\"\" style=\"\">\r\n    \t\t\r\n    \t\t<div class=\"inner \" style=\"\">\r\n    \t\t\t<div class=\"themesflat_sc_vc-spacer clearfix\" data-desktop=\"0\" data-mobi=\"0\" data-smobi=\"30\"><\/div><div class=\"themesflat_sc_vc-headings clearfix \" data-font=30 style=\"\"><h3 class=\"heading clearfix\" style=\"font-weight:700;color:#222222;line-height:130%;margin-top:5px;margin-bottom:20px;letter-spacing:-2px;word-spacing:2px;font-size:30px;\">\r\n\t\t\tEst\u00e1ndares de calidad\r\n\t\t<\/h3><div class=\"sep  clearfix\" style=\"width:100px;height:3px;background-color:#0578b0;\"><\/div><\/div>[vc_column_text css=\u00bb.vc_custom_1630063308106{margin-top: 20px !important;margin-bottom: 20px !important;}\u00bb]Todos nuestros productos pasan por rigurosos controles de inspecci\u00f3n y verificaci\u00f3n con el fin de garantizar la m\u00e1xima calidad y asegurando as\u00ed el cumplimiento de nuestros exigentes est\u00e1ndares de fabricaci\u00f3n.[\/vc_column_text]<div class=\"themesflat_sc_vc-list clearfix icon-left icon-middle\" style=\"\">\r\n\t\t\t<div style=\"margin-bottom:10px;\">\r\n\t\t\t\t<span style=\"padding-left:23px;color:#222222\"><span class=\"icon simple\" style=\"color:#0578b0;font-size:16px;\">\r\n\t\t\t\t<i class=\"fa fa-check-circle\"><\/i>\r\n\t\t\t<\/span> <span style=\"font-weight:600;font-size:14px;\">Controles de calidad<\/span><\/span>\r\n\t\t\t<\/div>\r\n\t\t<\/div><div class=\"themesflat_sc_vc-list clearfix icon-left icon-middle\" style=\"\">\r\n\t\t\t<div style=\"margin-bottom:10px;\">\r\n\t\t\t\t<span style=\"padding-left:23px;color:#222222\"><span class=\"icon simple\" style=\"color:#0578b0;font-size:16px;\">\r\n\t\t\t\t<i class=\"fa fa-check-circle\"><\/i>\r\n\t\t\t<\/span> <span style=\"font-weight:600;font-size:14px;\">Est\u00e1ndares de fabricaci\u00f3n<\/span><\/span>\r\n\t\t\t<\/div>\r\n\t\t<\/div><div class=\"themesflat_sc_vc-list clearfix icon-left icon-middle\" style=\"\">\r\n\t\t\t<div style=\"margin-bottom:10px;\">\r\n\t\t\t\t<span style=\"padding-left:23px;color:#222222\"><span class=\"icon simple\" style=\"color:#0578b0;font-size:16px;\">\r\n\t\t\t\t<i class=\"fa fa-check-circle\"><\/i>\r\n\t\t\t<\/span> <span style=\"font-weight:600;font-size:14px;\">Materiales de calidad<\/span><\/span>\r\n\t\t\t<\/div>\r\n\t\t<\/div>\n\r\n    \t\t<\/div>\r\n    \t<\/div>\n<\/div><\/div><div class=\"tab-content \" style=\"\"><li class=\"item-title icon-top\" style=\"font-weight:600;font-size:15px;\">\r\n\t\t\t\t<span class=\"inner\" style=\"padding:15px 26px 21px;\">\r\n\t\t\t\t<div class=\"icon-wrap\" style=\"line-height:50px;width:50px;height:50px;font-size:40px;color:#0578b0;margin:0px 0px 7px 0px;\">\r\n\t\t\t\t\t<i class=\"ion-android-globe\"><\/i>\r\n\t\t\t\t<\/div> Compromiso con el medio ambiente\r\n\t\t\t\t<\/span>\r\n\t\t\t<\/li><div class=\"item-content\" style=\"color:#999999;background-color:#ffffff;padding:30px 0px 0px;\"><div class=\"themesflat_sc_vc-single-image   one-six overlay_hover_display \" style=\"\">\r\n\t\t\t\t<div class=\"wrap-image\" ><img decoding=\"async\" alt=\"image\" src=\"https:\/\/groupgia.com\/wp-content\/uploads\/2021\/09\/ambiente.png\" style=\"\"\/><span class=\"overlay\" style=\"\"><\/span><\/div>\r\n\t\t\t\t\r\n\t\t\t<\/div><div class=\"themesflat_sc_vc-content-box clearfix  one-six\" data-padding=\"0px 15px\" data-mobipadding=\"\" data-margin=\"\" data-mobimargin=\"\" style=\"\">\r\n    \t\t\r\n    \t\t<div class=\"inner \" style=\"\">\r\n    \t\t\t<div class=\"themesflat_sc_vc-spacer clearfix\" data-desktop=\"0\" data-mobi=\"0\" data-smobi=\"30\"><\/div><div class=\"themesflat_sc_vc-headings clearfix \" data-font=30 style=\"\"><h3 class=\"heading clearfix\" style=\"font-weight:700;color:#222222;line-height:130%;margin-top:5px;margin-bottom:20px;letter-spacing:-2px;word-spacing:2px;font-size:30px;\">\r\n\t\t\tCompromiso con el medio ambiente\r\n\t\t<\/h3><div class=\"sep  clearfix\" style=\"width:100px;height:3px;background-color:#0578b0;\"><\/div><\/div>[vc_column_text css=\u00bb.vc_custom_1630063282723{margin-top: 20px !important;margin-bottom: 20px !important;}\u00bb]Todos los productos, procesos y servicios de\u00a0<b>GIA GROUP<\/b>\u00a0cumplir\u00e1n como m\u00ednimo con la legislaci\u00f3n aplicable.Se adoptar\u00e1n medidas activas para fomentar una gesti\u00f3n eficiente del refrigerante y para estimular el dise\u00f1o y la producci\u00f3n de productos que utilicen un refrigerante con impacto medioambiental reducido.<\/p>\n<p>Se dise\u00f1ar\u00e1n todos los productos y procesos de forma que se restrinja al m\u00ednimo el uso de energ\u00eda y los recursos necesarios.<\/p>\n<p>Se evitar\u00e1 la producci\u00f3n de residuos y los que sean imprescindibles se reciclar\u00e1n al m\u00e1ximo y se minimizar\u00e1n los embalajes.[\/vc_column_text]<\/p>\n\r\n    \t\t<\/div>\r\n    \t<\/div>\n<\/div><\/div><div class=\"tab-content \" style=\"\"><li class=\"item-title icon-top\" style=\"font-weight:600;font-size:15px;\">\r\n\t\t\t\t<span class=\"inner\" style=\"padding:15px 30px 21px;\">\r\n\t\t\t\t<div class=\"icon-wrap\" style=\"line-height:50px;width:50px;height:50px;font-size:40px;color:#0578b0;margin:0px 0px 7px 0px;\">\r\n\t\t\t\t\t<i class=\"icon-users-2\"><\/i>\r\n\t\t\t\t<\/div> Satisfacci\u00f3n y confianza\r\n\t\t\t\t<\/span>\r\n\t\t\t<\/li><div class=\"item-content\" style=\"color:#999999;background-color:#ffffff;padding:30px 0px 0px;\"><div class=\"themesflat_sc_vc-single-image   one-six overlay_hover_display \" style=\"\">\r\n\t\t\t\t<div class=\"wrap-image\" ><img decoding=\"async\" alt=\"image\" src=\"https:\/\/groupgia.com\/wp-content\/uploads\/2021\/09\/confianza.png\" style=\"\"\/><span class=\"overlay\" style=\"\"><\/span><\/div>\r\n\t\t\t\t\r\n\t\t\t<\/div><div class=\"themesflat_sc_vc-content-box clearfix  one-six\" data-padding=\"0px 15px\" data-mobipadding=\"\" data-margin=\"\" data-mobimargin=\"\" style=\"\">\r\n    \t\t\r\n    \t\t<div class=\"inner \" style=\"\">\r\n    \t\t\t<div class=\"themesflat_sc_vc-spacer clearfix\" data-desktop=\"0\" data-mobi=\"0\" data-smobi=\"30\"><\/div><div class=\"themesflat_sc_vc-headings clearfix \" data-font=30 style=\"\"><h3 class=\"heading clearfix\" style=\"font-weight:700;color:#222222;line-height:130%;margin-top:5px;margin-bottom:20px;letter-spacing:-2px;word-spacing:2px;font-size:30px;\">\r\n\t\t\tSatisfacci\u00f3n y confianza\r\n\t\t<\/h3><div class=\"sep  clearfix\" style=\"width:100px;height:3px;background-color:#0578b0;\"><\/div><\/div>[vc_column_text css=\u00bb.vc_custom_1630063430906{margin-top: 20px !important;margin-bottom: 20px !important;}\u00bb]Gracias a nuestra avanzada tecnolog\u00eda y a los rigurosos controles de calidad,\u00a0<b>GIA GROUP<\/b>\u00a0fabrica todos sus productos con una excelente calidad y cuidando minuciosamente hasta el m\u00e1s m\u00ednimo detalle.<\/p>\n<p>Adem\u00e1s\u00a0<b>GIA GROUP<\/b>\u00a0cuenta con una extensa red de Servicios T\u00e9cnicos que le ayudar\u00e1n a solucionar cualquier duda o consulta que se le pudiera plantear y siempre con la finalidad de satisfacer las exigencias de nuestros clientes.[\/vc_column_text]<\/p>\n\r\n    \t\t<\/div>\r\n    \t<\/div>\n<\/div><\/div><div class=\"tab-content \" style=\"\"><li class=\"item-title icon-top\" style=\"font-weight:600;font-size:15px;\">\r\n\t\t\t\t<span class=\"inner\" style=\"padding:15px 30px 21px;\">\r\n\t\t\t\t<div class=\"icon-wrap\" style=\"line-height:50px;width:50px;height:50px;font-size:40px;color:#0578b0;margin:0px 0px 7px 0px;\">\r\n\t\t\t\t\t<i class=\"icon_lightbulb_alt\"><\/i>\r\n\t\t\t\t<\/div> Tecnolog\u00eda innovadora\r\n\t\t\t\t<\/span>\r\n\t\t\t<\/li><div class=\"item-content\" style=\"color:#999999;background-color:#ffffff;padding:30px 0px 0px;\"><div class=\"themesflat_sc_vc-single-image   one-six overlay_hover_display \" style=\"\">\r\n\t\t\t\t<div class=\"wrap-image\" ><img decoding=\"async\" alt=\"image\" src=\"https:\/\/groupgia.com\/wp-content\/uploads\/2021\/09\/innovation.png\" style=\"\"\/><span class=\"overlay\" style=\"\"><\/span><\/div>\r\n\t\t\t\t\r\n\t\t\t<\/div><div class=\"themesflat_sc_vc-content-box clearfix  one-six\" data-padding=\"0px 15px\" data-mobipadding=\"\" data-margin=\"\" data-mobimargin=\"\" style=\"\">\r\n    \t\t\r\n    \t\t<div class=\"inner \" style=\"\">\r\n    \t\t\t<div class=\"themesflat_sc_vc-spacer clearfix\" data-desktop=\"0\" data-mobi=\"0\" data-smobi=\"30\"><\/div><div class=\"themesflat_sc_vc-headings clearfix \" data-font=30 style=\"\"><h3 class=\"heading clearfix\" style=\"font-weight:700;color:#222222;line-height:130%;margin-top:5px;margin-bottom:20px;letter-spacing:-2px;word-spacing:2px;font-size:30px;\">\r\n\t\t\tTecnolog\u00eda innovadora\r\n\t\t<\/h3><div class=\"sep  clearfix\" style=\"width:100px;height:3px;background-color:#0578b0;\"><\/div><\/div>[vc_column_text css=\u00bb.vc_custom_1630063564457{margin-top: 20px !important;margin-bottom: 20px !important;}\u00bb]<b>GIA GROUP\u00a0<\/b>dise\u00f1a y distribuye una amplia gama de sofisticados sistemas de climatizaci\u00f3n y producci\u00f3n de ACS de alta tecnolog\u00eda, incluyendo enfriadoras y bombas de calor condensadas por aire y por agua, sistemas VRF, splits de pared, techo, cassette y suelo, multisplits, sistemas compactos, calentadores y termos el\u00e9ctricos que permiten dar respuesta a toda clase de necesidades de tipo dom\u00e9stico, semi-industrial e industrial. Alta tecnolog\u00eda al alcance de todos.[\/vc_column_text]<\/p>\n\r\n    \t\t<\/div>\r\n    \t<\/div>\n<\/div><\/div><div class=\"tab-content \" style=\"\"><li class=\"item-title icon-top\" style=\"font-weight:600;font-size:15px;\">\r\n\t\t\t\t<span class=\"inner\" style=\"padding:15px 30px 21px;\">\r\n\t\t\t\t<div class=\"icon-wrap\" style=\"line-height:50px;width:50px;height:50px;font-size:40px;color:#0578b0;margin:0px 0px 7px 0px;\">\r\n\t\t\t\t\t<i class=\"entypo-icon entypo-icon-flash\"><\/i>\r\n\t\t\t\t<\/div> Alto ahorro energ\u00e9tico\r\n\t\t\t\t<\/span>\r\n\t\t\t<\/li><div class=\"item-content\" style=\"color:#999999;background-color:#ffffff;padding:30px 0px 0px;\"><div class=\"themesflat_sc_vc-single-image   one-six overlay_hover_display \" style=\"\">\r\n\t\t\t\t<div class=\"wrap-image\" ><img decoding=\"async\" alt=\"image\" src=\"https:\/\/groupgia.com\/wp-content\/uploads\/2021\/09\/energia.png\" style=\"\"\/><span class=\"overlay\" style=\"\"><\/span><\/div>\r\n\t\t\t\t\r\n\t\t\t<\/div><div class=\"themesflat_sc_vc-content-box clearfix  one-six\" data-padding=\"0px 15px\" data-mobipadding=\"\" data-margin=\"\" data-mobimargin=\"\" style=\"\">\r\n    \t\t\r\n    \t\t<div class=\"inner \" style=\"\">\r\n    \t\t\t<div class=\"themesflat_sc_vc-spacer clearfix\" data-desktop=\"0\" data-mobi=\"0\" data-smobi=\"30\"><\/div><div class=\"themesflat_sc_vc-headings clearfix \" data-font=30 style=\"\"><h3 class=\"heading clearfix\" style=\"font-weight:700;color:#222222;line-height:130%;margin-top:5px;margin-bottom:20px;letter-spacing:-2px;word-spacing:2px;font-size:30px;\">\r\n\t\t\tAlto ahorro energ\u00e9tico\r\n\t\t<\/h3><div class=\"sep  clearfix\" style=\"width:100px;height:3px;background-color:#0578b0;\"><\/div><\/div>[vc_column_text css=\u00bb.vc_custom_1630064057713{margin-top: 20px !important;margin-bottom: 20px !important;}\u00bb]Desde sus inicios,\u00a0<b>GIA GROUP<\/b> siempre ha apostado por un desarrollo tecnol\u00f3gico que dirija sus esfuerzos hacia la reducci\u00f3n del consumo de recursos naturales y al respeto por el medio ambiente.<\/p>\n<p>No solo logramos reducir el consumo y el nivel sonoro en beneficio del usuario final sino que adem\u00e1s logramos minimizar el impacto medioambiental reduciendo la contaminaci\u00f3n ac\u00fastica y las emisiones de CO<sub>2<\/sub>.[\/vc_column_text]<div class=\"themesflat_sc_vc-list clearfix icon-left icon-middle\" style=\"\">\r\n\t\t\t<div style=\"margin-bottom:10px;\">\r\n\t\t\t\t<span style=\"padding-left:23px;color:#222222\"><span class=\"icon simple\" style=\"color:#0578b0;font-size:16px;\">\r\n\t\t\t\t<i class=\"fa fa-check-circle\"><\/i>\r\n\t\t\t<\/span> <span style=\"font-weight:600;font-size:14px;\">Respeto por el medio ambiente<\/span><\/span>\r\n\t\t\t<\/div>\r\n\t\t<\/div>\n\r\n    \t\t<\/div>\r\n    \t<\/div>\n<\/div><\/div>\n<\/div><\/div>[\/vc_column_inner][vc_column_inner offset=\u00bbvc_col-lg-1 vc_col-md-12&#8243;][\/vc_column_inner][\/vc_row_inner]\r\n\t\t<div class=\"themesflat_sc_vc-spacer clearfix\" data-desktop=\"71\" data-mobi=\"60\" data-smobi=\"60\"><\/div>[\/vc_column][\/vc_row][vc_row full_width=\u00bbstretch_row\u00bb css=\u00bb.vc_custom_1631788285903{margin-top: 30px !important;background-color: #f1f1f1 !important;}\u00bb el_id=\u00bbmarcas\u00bb][vc_column]\r\n\t\t<div class=\"themesflat_sc_vc-spacer clearfix\" data-desktop=\"90\" data-mobi=\"60\" data-smobi=\"60\"><\/div>[vc_row_inner][vc_column_inner width=\u00bb1\/2&#8243;]<div class=\"themesflat_sc_vc-content-box clearfix  \" data-padding=\"\" data-mobipadding=\"\" data-margin=\"\" data-mobimargin=\"\" style=\"border-radius:5px;\">\r\n    \t\t\r\n    \t\t<div class=\"inner \" style=\"border-radius:5px; overflow: hidden;box-shadow:0px 20px 40px 0px rgba(0,0,0,0.2);\">\r\n    \t\t\t<div class=\"themesflat_sc_vc-image-video    overlay_hover_display \" style=\"\">\r\n\t\t\t\t<div class=\"wrap-image\" ><img decoding=\"async\" alt=\"image\" src=\"https:\/\/groupgia.com\/wp-content\/uploads\/2021\/09\/marcas.jpg\" style=\"border-radius:5;\"\/><span class=\"overlay\" style=\"border-radius:5;\"><\/span><\/div>\r\n\t\t\t\t\r\n\t\t\t<\/div>\n\r\n    \t\t<\/div>\r\n    \t<\/div>[\/vc_column_inner][vc_column_inner width=\u00bb1\/2&#8243;]\r\n\t\t<div class=\"themesflat_sc_vc-spacer clearfix\" data-desktop=\"5\" data-mobi=\"0\" data-smobi=\"40\"><\/div><div class=\"themesflat_sc_vc-content-box clearfix  \" data-padding=\"0% 0% 0% 8%\" data-mobipadding=\"0% 0% 0% 0%\" data-margin=\"\" data-mobimargin=\"\" style=\"\">\r\n    \t\t\r\n    \t\t<div class=\"inner \" style=\"\">\r\n    \t\t\t<div class=\"themesflat_sc_vc-headings clearfix \" data-font=33 data-mfont=24 style=\"\"><h2 class=\"heading clearfix\" style=\"font-weight:700;line-height:130%;margin-bottom:20px;letter-spacing:-2px;word-spacing:2px;font-size:33px;\">\r\n\t\t\tMarcas propias\r\n\t\t<\/h2><div class=\"sep  clearfix\" style=\"width:100px;height:3px;background-color:#0578b0;\"><\/div><\/div>[vc_column_text css=\u00bb.vc_custom_1631873392252{margin-top: 20px !important;}\u00bb]<\/p>\n<div class=\"et_pb_section et_pb_section_1 et_pb_with_background et_section_regular\">\n<div class=\" et_pb_row et_pb_row_0\">\n<div class=\"et_pb_column et_pb_column_4_4 et_pb_column_0\">\n<div class=\"et_pb_text et_pb_module et_pb_bg_layout_light et_pb_text_align_left et_pb_text_0\">\n<p>En <strong>GIA GROUP<\/strong> seguimos incrementando nuestra presencia en el mercado con nuestras dos marcas. Siempre apostando por proyectos eficaces y eficientes, que aporten soluciones integrales, y ofrezcan el mejor servicio a nuestros clientes.<\/p>\n<\/div>\n<\/div>\n<\/div>\n<\/div>\n<p>[\/vc_column_text]<div class=\"themesflat_sc_vc-list clearfix icon-left icon-middle\" style=\"\">\r\n\t\t\t<div style=\"margin-bottom:10px;\">\r\n\t\t\t\t<span style=\"padding-left:22px;color:#222222\"><span class=\"icon simple\" style=\"color:#0578b0;font-size:15px;\">\r\n\t\t\t\t<i class=\"fa fa-check-square\"><\/i>\r\n\t\t\t<\/span> <span style=\"font-weight:600;font-size:14px;\">HTW (QUALITY COMFORT EVERYWHERE)<\/span><\/span>\r\n\t\t\t<\/div>\r\n\t\t<\/div><div class=\"themesflat_sc_vc-list clearfix icon-left icon-middle\" style=\"\">\r\n\t\t\t<div style=\"margin-bottom:10px;\">\r\n\t\t\t\t<span style=\"padding-left:22px;color:#222222\"><span class=\"icon simple\" style=\"color:#0578b0;font-size:15px;\">\r\n\t\t\t\t<i class=\"fa fa-check-square\"><\/i>\r\n\t\t\t<\/span> <span style=\"font-weight:600;font-size:14px;\">GIATSU<\/span><\/span>\r\n\t\t\t<\/div>\r\n\t\t<\/div>\n\r\n    \t\t<\/div>\r\n    \t<\/div>[\/vc_column_inner][\/vc_row_inner]\r\n\t\t<div class=\"themesflat_sc_vc-spacer clearfix\" data-desktop=\"90\" data-mobi=\"60\" data-smobi=\"60\"><\/div>[\/vc_column][\/vc_row]<\/p>\n<\/div>","protected":false},"excerpt":{"rendered":"<p>[vc_row full_width=\u00bbstretch_row\u00bb parallax=\u00bbcontent-moving\u00bb parallax_image=\u00bb5787&#8243; default_id=\u00bbthemesflat_1544600604&#8243;][vc_column][vc_row_inner][vc_column_inner width=\u00bb1\/2&#8243;][\/vc_column_inner][vc_column_inner width=\u00bb1\/2&#8243;][\/vc_column_inner][\/vc_row_inner][\/vc_column][\/vc_row][vc_row full_width=\u00bbstretch_row\u00bb default_id=\u00bbthemesflat_1540447410&#8243;][vc_column][vc_row_inner][vc_column_inner offset=\u00bbvc_col-lg-1 vc_col-md-12&#8243;][\/vc_column_inner][vc_column_inner offset=\u00bbvc_col-lg-10 vc_col-md-12&#8243;][\/vc_column_inner][vc_column_inner offset=\u00bbvc_col-lg-1 vc_col-md-12&#8243;][\/vc_column_inner][\/vc_row_inner][\/vc_column][\/vc_row][vc_row full_width=\u00bbstretch_row\u00bb css=\u00bb.vc_custom_1631788285903{margin-top: 30px !important;background-color: #f1f1f1 !important;}\u00bb el_id=\u00bbmarcas\u00bb][vc_column][vc_row_inner][vc_column_inner width=\u00bb1\/2&#8243;][\/vc_column_inner][vc_column_inner width=\u00bb1\/2&#8243;][\/vc_column_inner][\/vc_row_inner][\/vc_column][\/vc_row]<\/p>\n","protected":false},"author":2,"featured_media":0,"parent":0,"menu_order":0,"comment_status":"closed","ping_status":"closed","template":"tpl\/page_nosidebar.php","meta":{"_monsterinsights_skip_tracking":false,"_monsterinsights_sitenote_active":false,"_monsterinsights_sitenote_note":"","_monsterinsights_sitenote_category":0,"footnotes":""},"class_list":["post-3964","page","type-page","status-publish","hentry"],"_links":{"self":[{"href":"https:\/\/groupgia.com\/es\/wp-json\/wp\/v2\/pages\/3964","targetHints":{"allow":["GET"]}}],"collection":[{"href":"https:\/\/groupgia.com\/es\/wp-json\/wp\/v2\/pages"}],"about":[{"href":"https:\/\/groupgia.com\/es\/wp-json\/wp\/v2\/types\/page"}],"author":[{"embeddable":true,"href":"https:\/\/groupgia.com\/es\/wp-json\/wp\/v2\/users\/2"}],"replies":[{"embeddable":true,"href":"https:\/\/groupgia.com\/es\/wp-json\/wp\/v2\/comments?post=3964"}],"version-history":[{"count":0,"href":"https:\/\/groupgia.com\/es\/wp-json\/wp\/v2\/pages\/3964\/revisions"}],"wp:attachment":[{"href":"https:\/\/groupgia.com\/es\/wp-json\/wp\/v2\/media?parent=3964"}],"curies":[{"name":"wp","href":"https:\/\/api.w.org\/{rel}","templated":true}]}}