{"id":6001,"date":"2021-09-21T06:17:27","date_gmt":"2021-09-21T06:17:27","guid":{"rendered":"https:\/\/groupgia.com\/politica-de-cookies\/"},"modified":"2021-09-28T09:34:57","modified_gmt":"2021-09-28T07:34:57","slug":"politique-de-cookies","status":"publish","type":"page","link":"https:\/\/groupgia.com\/fr\/politique-de-cookies\/","title":{"rendered":"Politique de cookies"},"content":{"rendered":"<div class=\"wpb-content-wrapper\"><p>[vc_row][vc_column]\r\n\t\t<div class=\"themesflat_sc_vc-spacer clearfix\" data-desktop=\"20\" data-mobi=\"20\" data-smobi=\"20\"><\/div><div class=\"themesflat_sc_vc-headings clearfix \"  style=\"\"><h1 class=\"heading clearfix\" style=\"\">\r\n\t\t\tPolitique de cookies\r\n\t\t<\/h1><\/div>\r\n\t\t<div class=\"themesflat_sc_vc-spacer clearfix\" data-desktop=\"15\" data-mobi=\"15\" data-smobi=\"15\"><\/div>[vc_column_text]Un cookie est un petit fichier texte qui est stock\u00e9 dans votre navigateur lorsque vous visitez presque n&rsquo;importe quelle page Web. Son utilit\u00e9 est que le Web est capable de se souvenir de votre visite lorsque vous revenez sur cette page. Les cookies stockent g\u00e9n\u00e9ralement des informations techniques, des pr\u00e9f\u00e9rences personnelles, la personnalisation du contenu, des statistiques d&rsquo;utilisation, des liens vers des r\u00e9seaux sociaux, l&rsquo;acc\u00e8s aux comptes d&rsquo;utilisateurs, etc. Le but du cookie est d&rsquo;adapter le contenu du site Web \u00e0 votre profil et \u00e0 vos besoins, sans les cookies, les services offerts par n&rsquo;importe quelle page seraient consid\u00e9rablement r\u00e9duits.[\/vc_column_text]\r\n\t\t<div class=\"themesflat_sc_vc-spacer clearfix\" data-desktop=\"15\" data-mobi=\"15\" data-smobi=\"15\"><\/div>[\/vc_column][\/vc_row][vc_row][vc_column]\r\n\t\t<div class=\"themesflat_sc_vc-spacer clearfix\" data-desktop=\"20\" data-mobi=\"20\" data-smobi=\"20\"><\/div><div class=\"themesflat_sc_vc-headings clearfix \"  style=\"\"><h2 class=\"heading clearfix\" style=\"\">\r\n\t\t\tCookies utilis\u00e9s sur ce site\r\n\t\t<\/h2><\/div>\r\n\t\t<div class=\"themesflat_sc_vc-spacer clearfix\" data-desktop=\"15\" data-mobi=\"15\" data-smobi=\"15\"><\/div>[vc_column_text]Conform\u00e9ment aux directives de l&rsquo;Agence espagnole de protection des donn\u00e9es, nous d\u00e9taillons l&rsquo;utilisation des cookies effectu\u00e9s par ce site Web afin de vous informer le plus pr\u00e9cis\u00e9ment possible.<\/p>\n<ul>\n<li>Ce site Web utilise les propres cookies suivants :<\/li>\n<\/ul>\n<p>Cookies de session, pour s&rsquo;assurer que les utilisateurs qui \u00e9crivent des commentaires sur le blog sont des applications humaines et non automatis\u00e9es. De cette fa\u00e7on, le spam est combattu.<\/p>\n<ul>\n<li>Ce site Web utilise les cookies tiers suivants :<\/li>\n<\/ul>\n<p>Google Analytics : stocke des cookies pour pouvoir \u00e9tablir des statistiques sur le trafic et le volume de visites sur ce site Web. En utilisant ce site Web, vous consentez au traitement des informations vous concernant par Google. Par cons\u00e9quent, l&rsquo;exercice de tout droit \u00e0 cet \u00e9gard doit se faire en communiquant directement avec Google.<br \/>\nR\u00e9seaux sociaux : Chaque r\u00e9seau social utilise ses propres cookies afin que vous puissiez cliquer sur des boutons tels que J&rsquo;aime ou Partager.[\/vc_column_text]\r\n\t\t<div class=\"themesflat_sc_vc-spacer clearfix\" data-desktop=\"15\" data-mobi=\"15\" data-smobi=\"15\"><\/div>[\/vc_column][\/vc_row][vc_row][vc_column]\r\n\t\t<div class=\"themesflat_sc_vc-spacer clearfix\" data-desktop=\"20\" data-mobi=\"20\" data-smobi=\"20\"><\/div><div class=\"themesflat_sc_vc-headings clearfix \"  style=\"\"><h2 class=\"heading clearfix\" style=\"\">\r\n\t\t\tD\u00e9sactivation ou suppression des cookies\r\n\t\t<\/h2><\/div>\r\n\t\t<div class=\"themesflat_sc_vc-spacer clearfix\" data-desktop=\"15\" data-mobi=\"15\" data-smobi=\"15\"><\/div>[vc_column_text]\u00c0 tout moment, vous pouvez exercer votre droit de d\u00e9sactiver ou de supprimer les cookies de ce site Web. Ces actions sont effectu\u00e9es diff\u00e9remment selon le navigateur que vous utilisez.[\/vc_column_text]\r\n\t\t<div class=\"themesflat_sc_vc-spacer clearfix\" data-desktop=\"15\" data-mobi=\"15\" data-smobi=\"15\"><\/div>[\/vc_column][\/vc_row][vc_row][vc_column]\r\n\t\t<div class=\"themesflat_sc_vc-spacer clearfix\" data-desktop=\"20\" data-mobi=\"20\" data-smobi=\"20\"><\/div><div class=\"themesflat_sc_vc-headings clearfix \"  style=\"\"><h2 class=\"heading clearfix\" style=\"\">\r\n\t\t\tNotes compl\u00e9mentaires\r\n\t\t<\/h2><\/div>\r\n\t\t<div class=\"themesflat_sc_vc-spacer clearfix\" data-desktop=\"15\" data-mobi=\"15\" data-smobi=\"15\"><\/div>[vc_column_text]<\/p>\n<ul>\n<li>Ni ce site Web ni ses repr\u00e9sentants l\u00e9gaux ne sont responsables du contenu ou de la v\u00e9racit\u00e9 des politiques de confidentialit\u00e9 que les tiers mentionn\u00e9s dans cette politique de cookies peuvent avoir.<\/li>\n<li>Les navigateurs Web sont les outils charg\u00e9s de stocker les cookies et \u00e0 partir de cet endroit, vous devez exercer votre droit de les supprimer ou de les d\u00e9sactiver. Ni ce site Web ni ses repr\u00e9sentants l\u00e9gaux ne peuvent garantir le traitement correct ou incorrect des cookies par les navigateurs susmentionn\u00e9s.<\/li>\n<li>Dans certains cas, il est n\u00e9cessaire d&rsquo;installer des cookies pour que le navigateur n&rsquo;oublie pas votre d\u00e9cision de ne pas les accepter.<\/li>\n<li>Dans le cas des cookies Google Analytics, cette soci\u00e9t\u00e9 stocke des cookies sur des serveurs situ\u00e9s aux \u00c9tats-Unis et s&rsquo;engage \u00e0 ne pas les partager avec des tiers, sauf dans les cas o\u00f9 cela est n\u00e9cessaire au fonctionnement du syst\u00e8me ou lorsque la loi les y oblige. un effet. Selon Google, il n&rsquo;enregistre pas votre adresse IP. Google Inc. est une entreprise qui a adh\u00e9r\u00e9 \u00e0 l&rsquo;accord Safe Harbor qui garantit que toutes les donn\u00e9es transf\u00e9r\u00e9es seront trait\u00e9es avec un niveau de protection conforme \u00e0 la r\u00e9glementation europ\u00e9enne. Si vous souhaitez des informations sur l&rsquo;utilisation que Google donne aux cookies, nous joignons cet autre lien.<\/li>\n<li>Pour toute question ou requ\u00eate concernant cette politique de cookies, n&rsquo;h\u00e9sitez pas \u00e0 nous contacter via la rubrique contact.<\/li>\n<\/ul>\n<p>[\/vc_column_text]\r\n\t\t<div class=\"themesflat_sc_vc-spacer clearfix\" data-desktop=\"40\" data-mobi=\"40\" data-smobi=\"40\"><\/div>[\/vc_column][\/vc_row]<\/p>\n<\/div>","protected":false},"excerpt":{"rendered":"<p>[vc_row][vc_column][vc_column_text]Un cookie est un petit fichier texte qui est stock\u00e9 dans votre navigateur lorsque vous visitez presque n&rsquo;importe quelle page Web. Son utilit\u00e9 est que le Web est capable de se souvenir de votre visite lorsque vous revenez sur cette page. [&hellip;]<\/p>\n","protected":false},"author":2,"featured_media":0,"parent":0,"menu_order":0,"comment_status":"closed","ping_status":"closed","template":"tpl\/front-page.php","meta":{"_monsterinsights_skip_tracking":false,"_monsterinsights_sitenote_active":false,"_monsterinsights_sitenote_note":"","_monsterinsights_sitenote_category":0,"footnotes":""},"class_list":["post-6001","page","type-page","status-publish","hentry"],"_links":{"self":[{"href":"https:\/\/groupgia.com\/fr\/wp-json\/wp\/v2\/pages\/6001","targetHints":{"allow":["GET"]}}],"collection":[{"href":"https:\/\/groupgia.com\/fr\/wp-json\/wp\/v2\/pages"}],"about":[{"href":"https:\/\/groupgia.com\/fr\/wp-json\/wp\/v2\/types\/page"}],"author":[{"embeddable":true,"href":"https:\/\/groupgia.com\/fr\/wp-json\/wp\/v2\/users\/2"}],"replies":[{"embeddable":true,"href":"https:\/\/groupgia.com\/fr\/wp-json\/wp\/v2\/comments?post=6001"}],"version-history":[{"count":0,"href":"https:\/\/groupgia.com\/fr\/wp-json\/wp\/v2\/pages\/6001\/revisions"}],"wp:attachment":[{"href":"https:\/\/groupgia.com\/fr\/wp-json\/wp\/v2\/media?parent=6001"}],"curies":[{"name":"wp","href":"https:\/\/api.w.org\/{rel}","templated":true}]}}