{"id":6002,"date":"2021-09-21T06:17:27","date_gmt":"2021-09-21T06:17:27","guid":{"rendered":"https:\/\/groupgia.com\/politica-de-cookies\/"},"modified":"2021-09-27T16:03:40","modified_gmt":"2021-09-27T14:03:40","slug":"politica-sui-cookie","status":"publish","type":"page","link":"https:\/\/groupgia.com\/it\/politica-sui-cookie\/","title":{"rendered":"Politica sui cookie"},"content":{"rendered":"<div class=\"wpb-content-wrapper\"><p>[vc_row][vc_column]\r\n\t\t<div class=\"themesflat_sc_vc-spacer clearfix\" data-desktop=\"20\" data-mobi=\"20\" data-smobi=\"20\"><\/div><div class=\"themesflat_sc_vc-headings clearfix \"  style=\"\"><h1 class=\"heading clearfix\" style=\"\">\r\n\t\t\tPolitica sui cookie\r\n\t\t<\/h1><\/div>\r\n\t\t<div class=\"themesflat_sc_vc-spacer clearfix\" data-desktop=\"15\" data-mobi=\"15\" data-smobi=\"15\"><\/div>[vc_column_text]Un cookie \u00e8 un piccolo file di testo che viene memorizzato nel tuo browser quando visiti quasi tutte le pagine web. La sua utilit\u00e0 \u00e8 che il web \u00e8 in grado di ricordare la tua visita quando torni a sfogliare quella pagina. I cookie di solito memorizzano informazioni tecniche, preferenze personali, personalizzazione dei contenuti, statistiche di utilizzo, collegamenti a social network, accesso agli account utente, ecc. Lo scopo del cookie \u00e8 quello di adattare il contenuto del web al tuo profilo e alle tue esigenze, senza i cookie i servizi offerti da qualsiasi pagina sarebbero notevolmente ridotti.[\/vc_column_text]\r\n\t\t<div class=\"themesflat_sc_vc-spacer clearfix\" data-desktop=\"15\" data-mobi=\"15\" data-smobi=\"15\"><\/div>[\/vc_column][\/vc_row][vc_row][vc_column]\r\n\t\t<div class=\"themesflat_sc_vc-spacer clearfix\" data-desktop=\"20\" data-mobi=\"20\" data-smobi=\"20\"><\/div><div class=\"themesflat_sc_vc-headings clearfix \"  style=\"\"><h2 class=\"heading clearfix\" style=\"\">\r\n\t\t\tCookie utilizzati su questo sito web\r\n\t\t<\/h2><\/div>\r\n\t\t<div class=\"themesflat_sc_vc-spacer clearfix\" data-desktop=\"15\" data-mobi=\"15\" data-smobi=\"15\"><\/div>[vc_column_text]Seguendo le linee guida dell&#8217;Agenzia spagnola per la protezione dei dati, procediamo a dettagliare l&#8217;uso dei cookie fatto da questo sito Web per informarti nel modo pi\u00f9 accurato possibile.<\/p>\n<p>Questo sito web utilizza i seguenti cookie propri:<\/p>\n<p>Cookie di sessione, per garantire che gli utenti che scrivono commenti sul blog siano applicazioni umane e non automatizzate. In questo modo si combatte lo spam.<\/p>\n<p>Questo sito utilizza i seguenti cookie di terze parti:<\/p>\n<p>Google Analytics: Memorizza i cookie per poter compilare statistiche sul traffico e sul volume delle visite a questo sito web. Utilizzando questo sito Web si acconsente al trattamento delle informazioni su di te da parte di Google. Pertanto, l&#8217;esercizio di qualsiasi diritto al riguardo deve avvenire comunicando direttamente con Google.<br \/>\nSocial network: ogni social network utilizza i propri cookie in modo che tu possa fare clic su pulsanti come Mi piace o Condividi.[\/vc_column_text]\r\n\t\t<div class=\"themesflat_sc_vc-spacer clearfix\" data-desktop=\"15\" data-mobi=\"15\" data-smobi=\"15\"><\/div>[\/vc_column][\/vc_row][vc_row][vc_column]\r\n\t\t<div class=\"themesflat_sc_vc-spacer clearfix\" data-desktop=\"20\" data-mobi=\"20\" data-smobi=\"20\"><\/div><div class=\"themesflat_sc_vc-headings clearfix \"  style=\"\"><h2 class=\"heading clearfix\" style=\"\">\r\n\t\t\tDisattivazione o eliminazione dei cookie\r\n\t\t<\/h2><\/div>\r\n\t\t<div class=\"themesflat_sc_vc-spacer clearfix\" data-desktop=\"15\" data-mobi=\"15\" data-smobi=\"15\"><\/div>[vc_column_text]In qualsiasi momento puoi esercitare il tuo diritto di disattivare o eliminare i cookie da questo sito web. Queste azioni vengono eseguite in modo diverso a seconda del browser che stai utilizzando.[\/vc_column_text]\r\n\t\t<div class=\"themesflat_sc_vc-spacer clearfix\" data-desktop=\"15\" data-mobi=\"15\" data-smobi=\"15\"><\/div>[\/vc_column][\/vc_row][vc_row][vc_column]\r\n\t\t<div class=\"themesflat_sc_vc-spacer clearfix\" data-desktop=\"20\" data-mobi=\"20\" data-smobi=\"20\"><\/div><div class=\"themesflat_sc_vc-headings clearfix \"  style=\"\"><h2 class=\"heading clearfix\" style=\"\">\r\n\t\t\tNote aggiuntive\r\n\t\t<\/h2><\/div>\r\n\t\t<div class=\"themesflat_sc_vc-spacer clearfix\" data-desktop=\"15\" data-mobi=\"15\" data-smobi=\"15\"><\/div>[vc_column_text]<\/p>\n<ul>\n<li>N\u00e9 questo sito n\u00e9 i suoi rappresentanti legali sono responsabili del contenuto o della veridicit\u00e0 delle politiche sulla privacy che potrebbero avere le terze parti menzionate in questa politica sui cookie.<br \/>\nI browser Web sono gli strumenti preposti alla memorizzazione dei cookie e da questo luogo \u00e8 necessario esercitare il diritto per eliminarli o disattivarli. N\u00e9 questo sito n\u00e9 i suoi rappresentanti legali possono garantire la corretta o errata gestione dei cookie da parte dei suddetti browser.<br \/>\nIn alcuni casi \u00e8 necessario installare dei cookie affinch\u00e9 il browser non dimentichi la tua decisione di non accettarli.<br \/>\nNel caso dei cookie di Google Analytics, questa societ\u00e0 memorizza i cookie su server ubicati negli Stati Uniti e si impegna a non condividerli con terze parti, tranne nei casi in cui sia necessario per il funzionamento del sistema o quando la legge lo richieda un effetto. Secondo Google, non salva il tuo indirizzo IP. Google Inc. \u00e8 una societ\u00e0 aderente al Safe Harbor Agreement che garantisce che tutti i dati trasferiti saranno trattati con un livello di protezione conforme alle normative europee. Se desideri informazioni sull&#8217;utilizzo che Google fa dei cookie, alleghiamo questo altro link.<br \/>\nPer qualsiasi domanda o dubbio su questa cookie policy, non esitare a contattarci tramite la sezione contatti.<\/li>\n<\/ul>\n<p>[\/vc_column_text]\r\n\t\t<div class=\"themesflat_sc_vc-spacer clearfix\" data-desktop=\"40\" data-mobi=\"40\" data-smobi=\"40\"><\/div>[\/vc_column][\/vc_row]<\/p>\n<\/div>","protected":false},"excerpt":{"rendered":"<p>[vc_row][vc_column][vc_column_text]Un cookie \u00e8 un piccolo file di testo che viene memorizzato nel tuo browser quando visiti quasi tutte le pagine web. La sua utilit\u00e0 \u00e8 che il web \u00e8 in grado di ricordare la tua visita quando torni a sfogliare quella [&hellip;]<\/p>\n","protected":false},"author":2,"featured_media":0,"parent":0,"menu_order":0,"comment_status":"closed","ping_status":"closed","template":"tpl\/front-page.php","meta":{"_monsterinsights_skip_tracking":false,"_monsterinsights_sitenote_active":false,"_monsterinsights_sitenote_note":"","_monsterinsights_sitenote_category":0,"footnotes":""},"class_list":["post-6002","page","type-page","status-publish","hentry"],"_links":{"self":[{"href":"https:\/\/groupgia.com\/it\/wp-json\/wp\/v2\/pages\/6002","targetHints":{"allow":["GET"]}}],"collection":[{"href":"https:\/\/groupgia.com\/it\/wp-json\/wp\/v2\/pages"}],"about":[{"href":"https:\/\/groupgia.com\/it\/wp-json\/wp\/v2\/types\/page"}],"author":[{"embeddable":true,"href":"https:\/\/groupgia.com\/it\/wp-json\/wp\/v2\/users\/2"}],"replies":[{"embeddable":true,"href":"https:\/\/groupgia.com\/it\/wp-json\/wp\/v2\/comments?post=6002"}],"version-history":[{"count":0,"href":"https:\/\/groupgia.com\/it\/wp-json\/wp\/v2\/pages\/6002\/revisions"}],"wp:attachment":[{"href":"https:\/\/groupgia.com\/it\/wp-json\/wp\/v2\/media?parent=6002"}],"curies":[{"name":"wp","href":"https:\/\/api.w.org\/{rel}","templated":true}]}}