{"id":6067,"date":"2018-08-07T08:15:05","date_gmt":"2018-08-07T08:15:05","guid":{"rendered":"https:\/\/groupgia.com\/terminos-condiciones\/"},"modified":"2024-11-07T12:15:21","modified_gmt":"2024-11-07T10:15:21","slug":"termini-condizioni","status":"publish","type":"page","link":"https:\/\/groupgia.com\/it\/termini-condizioni\/","title":{"rendered":"Termini e Condizioni"},"content":{"rendered":"<div class=\"wpb-content-wrapper\"><p>[vc_row][vc_column][vc_empty_space height=&#8221;20&#8243;][vc_custom_heading text=&#8221;Condizioni di garanzia&#8221; font_container=&#8221;tag:h1|text_align:left&#8221; use_theme_fonts=&#8221;yes&#8221;][vc_column_text]<strong>GIA GROUP <\/strong>garantisce l&#8217;intera gamma di prodotti venduti in Spagna per un periodo minimo di 3 anni in parti, manodopera e trasporto.<\/p>\n<p>In conformit\u00e0 a quanto sopra, <strong>GIA GROUP<\/strong> riparer\u00e0 o sostituir\u00e0 qualsiasi prodotto difettoso a causa di difetti di progettazione o dei materiali utilizzati nella sua fabbricazione, secondo le seguenti condizioni:<\/p>\n<ul>\n<li>Il cliente dovr\u00e0 fornire la fattura di acquisto, completa di informazione relativa al difetto, che dovr\u00e0 essere approvata dal servizio di assistenza tecnica <strong>GIA GROUP<\/strong>.<br \/>\nQualsiasi anomalia o danno esterno all&#8217;apparecchiatura per il quale si deve recare il SAT autorizzato di zona, l&#8217;intervento dovr\u00e0 essere interamente a carico dell&#8217;utente\/installatore o distributore<\/li>\n<li>Il prodotto deve essere stato installato, mantenuto e utilizzato correttamente secondo le istruzioni di installazione e funzionamento che accompagnano il prodotto e da personale specializzato e qualificato.<\/li>\n<li>Il cliente non tenter\u00e0, n\u00e9 direttamente n\u00e9 tramite terzi, di riparare il prodotto o di sostituire parti dello stesso, se non espressamente autorizzato da <strong>GIA GROUP<\/strong>.<\/li>\n<\/ul>\n<p>[\/vc_column_text][vc_empty_space height=&#8221;20&#8243;][vc_column_text]<u>Sono esclusi i seguenti casi<\/u>\u00a0:<\/p>\n<ul>\n<li>Danni causati da manipolazione, manutenzione, configurazione e installazione non corrette dell&#8217;apparecchiatura.<\/li>\n<li>Manipolazione impropria del prodotto o per aver forzato il suo funzionamento.<\/li>\n<li>Utilizzo di parti di ricambio non autorizzate dal produttore o modifica del prodotto senza l&#8217;autorizzazione del produttore.<\/li>\n<li>Installazioni o combinazioni di prodotti non approvate dal produttore.<\/li>\n<li>Usura delle parti consumabili dovuta all&#8217;uso.<\/li>\n<li>Uso improprio di carburante, refrigerante.<\/li>\n<li>Difetti legati alla durezza dell&#8217;acqua (deposizioni calcaree sugli elementi del generatore od ostruzioni parziali o totali del suo circuito primario o secondario).<\/li>\n<li>Tiraggio o ventilazione difettosi.<\/li>\n<li>Trasporto o stoccaggio improprio, corrosione, abrasione, mancanza di pulizia, uso improprio o maltrattamento, usura dovuta a uso improprio.<\/li>\n<li>La garanzia non copre le spese derivanti dal montaggio o smontaggio di elementi come mobili, armadi, ecc.\u00a0che impediscono il libero accesso all&#8217;apparecchiatura o ai suoi componenti.\u00a0Allo stesso modo, i servizi di consulenza domiciliare sul funzionamento del dispositivo non sono coperti.<\/li>\n<li>Per installazioni all&#8217;aperto, deve essere protetto dalle intemperie (pioggia, vento).<\/li>\n<li>Tutte le apparecchiature che non hanno superato i lavori di manutenzione indicati nel manuale dell&#8217;unit\u00e0 o, in mancanza, quanto indicato dalle normative vigenti.<\/li>\n<li>Tutte le apparecchiature che includono i serbatoi di accumulo dell&#8217;acqua calda e l&#8217;anodo non sono state controllate annualmente da un tecnico specializzato accreditato durante e dopo il completamento del periodo di garanzia ufficiale.<\/li>\n<li>Guasti derivati \u200b\u200bda eccessiva pressione dell&#8217;acqua, inadeguata tensione, pressione o alimentazione del gas.<\/li>\n<li>Prodotti, parti o componenti colpiti durante il trasporto o durante l&#8217;installazione.<\/li>\n<li>Nei modelli la cui accensione avviene tramite batteria (batterie), il cliente deve tener conto della loro manutenzione e procedere alla loro sostituzione quando sono esaurite.\u00a0Le prestazioni di garanzia non coprono le spese derivanti dal servizio a domicilio.<\/li>\n<li>L&#8217;accesso alle unit\u00e0 dovr\u00e0 avvenire a piede piatto e sempre nel rispetto delle vigenti norme in materia di salute e sicurezza sul lavoro, sar\u00e0 a carico del cliente.\u00a0Ci\u00f2 includer\u00e0 gru, impalcature o qualsiasi altro elemento di cui il SAT ha bisogno per riparare, sostituire o intervenire nelle unit\u00e0, nonch\u00e9 qualsiasi elemento di sicurezza necessario per l&#8217;accesso alle stesse.<\/li>\n<li>La garanzia non copre i costi e le spese sostenute per accedere all&#8217;apparecchiatura o alla sua installazione.<\/li>\n<\/ul>\n<p>[\/vc_column_text][vc_empty_space height=&#8221;30&#8243;][vc_custom_heading text=&#8221;Ritorna&#8221; use_theme_fonts=&#8221;yes&#8221;][vc_column_text]<strong>GIA GROUP<\/strong>\u00a0garantisce l&#8217;intera gamma di prodotti venduti in Spagna per un periodo minimo di 3 anni in parti, manodopera e spostamento.<\/p>\n<p>In conformit\u00e0 a quanto sopra,\u00a0<strong>GIA GROUP<\/strong>\u00a0riparer\u00e0 o sostituir\u00e0 qualsiasi prodotto difettoso a causa di difetti di progettazione, materiali utilizzati per la sua fabbricazione, alle seguenti condizioni:<\/p>\n<ul>\n<li>Il cliente dovr\u00e0 fornire la fattura di acquisto, unitamente alle informazioni complete sul vizio, che dovr\u00e0 essere approvata dall&#8217;assistenza tecnica\u00a0<strong>GIA GROUP<\/strong>\u00a0.<\/li>\n<li>Qualsiasi anomalia o danneggiamento di terzi alle apparecchiature per le quali deve intervenire l&#8217;area autorizzata SAT, l&#8217;intervento dovr\u00e0 essere integralmente pagato dall&#8217;utente\/installatore o distributore<\/li>\n<li>Il prodotto deve essere stato correttamente installato, sottoposto a manutenzione e utilizzato secondo le istruzioni di installazione e funzionamento che accompagnano il prodotto e da personale specializzato e qualificato.<\/li>\n<li>Il cliente non dovr\u00e0, da solo o da parte di terzi, tentare di riparare il prodotto o sostituire parti di esso, se non espressamente autorizzato da\u00a0<strong>GIA GROUP<\/strong>\u00a0.<\/li>\n<\/ul>\n<p>[\/vc_column_text][vc_empty_space height=&#8221;30&#8243;][vc_custom_heading text=&#8221;Tarifa&#8221; use_theme_fonts=&#8221;yes&#8221;][vc_column_text]<\/p>\n<table class=\"table table-bordered tabla-precios\">\n<thead>\n<tr>\n<th>Concetto<\/th>\n<th>Prezzo<\/th>\n<\/tr>\n<\/thead>\n<tbody>\n<tr>\n<td colspan=\"2\"><strong>Gamma ACS \/ A.A RAC HOME<\/strong><\/td>\n<\/tr>\n<tr>\n<td>SERVIZIO BASE (Include: 1\u00aa ora ufficiale + viaggio 50 km (andata e ritorno))<\/td>\n<td>72,75 \u20ac<\/td>\n<\/tr>\n<tr>\n<td>1\u00b0 Operatore dalla 2\u00aa ora<\/td>\n<td>32,00 \u20ac \/ ora<\/td>\n<\/tr>\n<tr>\n<td>2\u00b0 Operatore<\/td>\n<td>32,00 \u20ac \/ ora<\/td>\n<\/tr>\n<tr>\n<td colspan=\"2\"><strong>Gamma A.A Industriale (VRF) + Aerotermia (HPWH) + Chillers<\/strong><\/td>\n<\/tr>\n<tr>\n<td>SERVIZIO BASE (Include: 1\u00aa ora ufficiale + viaggio 50 km (andata e ritorno)) A.A Industriale (VRF) + Aerotermia (HPWH) + Chillers<\/td>\n<td>88,25 \u20ac<\/td>\n<\/tr>\n<tr>\n<td>1\u00b0 Operatore dalla 2\u00aa ora<\/td>\n<td>37,50 \u20ac \/ ora<\/td>\n<\/tr>\n<tr>\n<td>2\u00b0 Operatore<\/td>\n<td>37,50 \u20ac \/ ora<\/td>\n<\/tr>\n<tr>\n<td>Viaggio fuori zona (oltre 50 km)<\/td>\n<td>0,60 \u20ac \/ km<\/td>\n<\/tr>\n<tr>\n<td>R410A<\/td>\n<td>Tariffa secondo il prezzo di mercato<\/td>\n<\/tr>\n<tr>\n<td>TASSA R410A<\/td>\n<td>Tariffa secondo il prezzo di mercato<\/td>\n<\/tr>\n<tr>\n<td>R32<\/td>\n<td>Tariffa secondo il prezzo di mercato<\/td>\n<\/tr>\n<tr>\n<td>TASSA R32<\/td>\n<td>Tariffa secondo il prezzo di mercato<\/td>\n<\/tr>\n<tr>\n<td>R134A<\/td>\n<td>Tariffa secondo il prezzo di mercato<\/td>\n<\/tr>\n<tr>\n<td>TASSA R134A<\/td>\n<td>Tariffa secondo il prezzo di mercato<\/td>\n<\/tr>\n<tr>\n<td>NITROGENO<\/td>\n<td>14,50 \u20ac \/ Ltr<\/td>\n<\/tr>\n<tr>\n<td>TEST ACIDIT\u00c0<\/td>\n<td>14,60 \u20ac \/ unit\u00e0<\/td>\n<\/tr>\n<\/tbody>\n<\/table>\n<p>*Prezzi IVA esclusa.<\/p>\n<p>**I prezzi dei gas refrigeranti sono soggetti a variazioni di mercato. Il costo finale sar\u00e0 confermato al momento dell&#8217;acquisto o del servizio, in base alle condizioni vigenti.<\/p>\n<p>[\/vc_column_text][vc_empty_space height=&#8221;30&#8243;][vc_custom_heading text=&#8221;POLITICA SULLA PROTEZIONE DEI DATI&#8221; use_theme_fonts=&#8221;yes&#8221;][vc_column_text]<\/p>\n<div class=\"wpb_text_column wpb_content_element \">\n<div class=\"wpb_wrapper\">\n<p><strong>TITOLARE DEL TRATTAMENTO E RESPONSABILE DELLA PROTEZIONE DEI DATI \/ DIPARTIMENTO PER LA PROTEZIONE DEI DATI<\/strong><\/p>\n<p>Gestion Integral de Almacenes SL, con sede in Can CAbanyes, n\u00ba88, CP.08430, Granollers, Barcellona (Spagna) \u00e8 l&#8217;entit\u00e0 responsabile del trattamento dei tuoi dati personali, per le finalit\u00e0 descritte di seguito.<\/p>\n<p><strong>COME ABBIAMO OTTENUTO I TUOI DATI E A COSA SARANNO UTILIZZATI<\/strong><\/p>\n<p>I tuoi dati personali sono stati ottenuti perch\u00e9 tu o la societ\u00e0 da cui hai acquistato uno dei nostri prodotti a marchio ce li avete forniti al solo scopo di fornirvi l&#8217;assistenza tecnica necessaria per ottenere il corretto funzionamento dei nostri prodotti e per rispettare, laddove opportuno, con i relativi obblighi di garanzia.<\/p>\n<p>I dati che abbiamo raccolto e trattiamo da te sono i tuoi dati identificativi (nome, cognome e ID) e le tue informazioni di contatto (email, telefono, nazione, provincia, CAP e indirizzo).<\/p>\n<p>Utilizziamo i tuoi dati personali per gestire l&#8217;intervento di assistenza tecnica da te richiesto, nonch\u00e9, se necessario, per poter valutare il livello di servizio fornito dal nostro team di assistenza tecnica.<\/p>\n<p>Nel caso in cui acconsenti e ci autorizzi espressamente, utilizzeremo i tuoi dati personali per poterti inviare comunicazioni di marketing attraverso varie piattaforme, come e-mail, telefono, messaggi di testo, posta diretta e online, dei prodotti che riteniamo possano interessarti..\u00a0Se ti inviamo un&#8217;e-mail contenente informazioni relative al marketing, includer\u00e0 istruzioni su come rinunciare a ricevere queste e-mail in futuro.\u00a0Ricorda che anche se disattivi la ricezione delle comunicazioni di informazioni marketing, conserveremo comunque i tuoi dati per inviarti importanti informazioni di servizio relative agli interventi di supporto tecnico richiesti o per garantire il corretto funzionamento dei nostri prodotti.<\/p>\n<p>Gestion Integral de Almacenes pu\u00f2 trattare i tuoi dati personali in base al rispetto degli obblighi contrattuali derivanti dal servizio di assistenza tecnica che tu o la societ\u00e0 da cui hai acquistato il nostro prodotto avete richiesto a Gestion Integral de Almacenes.<\/p>\n<p>Allo stesso modo, i tuoi dati personali possono essere utilizzati sulla base del consenso che ci fornisci, se del caso, per la ricezione di comunicazioni commerciali e di marketing sui nostri prodotti e servizi.<\/p>\n<p>I tuoi dati possono essere comunicati a fornitori che hanno bisogno di accedere ai tuoi dati per la fornitura di servizi che Gestion Integral de Almacenes ha contratto con detti fornitori come servizi di assistenza tecnica e installatori con l&#8217;unico scopo di poter fornire i nostri servizi di assistenza tecnica. e con la quale Gestion Integral de Almacenes ha firmato i contratti di riservatezza e trattamento dei dati personali necessari e previsti dalla normativa per proteggere la tua privacy.<\/p>\n<p>Allo stesso modo, i tuoi dati potranno essere trasferiti anche alle Pubbliche Amministrazioni e Autorit\u00e0 di Vigilanza alle quali Gestion Integral de Almacenes \u00e8 tenuta a fornire tali informazioni in virt\u00f9 degli obblighi legali derivanti dalla sua attivit\u00e0.\u00a0Se in futuro Gestion Integral de Almacenes effettuer\u00e0 altri trasferimenti dei tuoi dati personali, ti informer\u00e0 tempestivamente.<\/p>\n<p>Comprehensive Warehouse Management ha appaltato servizi a fornitori di tecnologia situati in paesi che potrebbero non avere normative equivalenti a quella europea (&#8220;Paesi terzi&#8221;).\u00a0La contrattazione di tali servizi rispetta tutti i requisiti stabiliti dalla normativa sulla protezione dei dati, applicando al trasferimento dei tuoi dati le necessarie garanzie e salvaguardie per preservare la tua privacy.<\/p>\n<p>Allo stesso modo, la gestione completa del magazzino deve anche effettuare trasferimenti internazionali alle sue filiali o sedi, debitamente autorizzate dall&#8217;Agenzia spagnola per la protezione dei dati e il cui scopo \u00e8 unificare la gestione, la manutenzione e il supporto tecnico dei database di clienti e fornitori. .<\/p>\n<p>I Suoi dati personali saranno conservati durante i termini di prescrizione legale fino a 5 anni in applicazione del Codice Civile.\u00a0Decorsi tali termini di prescrizione, i Suoi dati saranno cancellati o, in alternativa, anonimizzati.<\/p>\n<p>Lei potr\u00e0 esercitare i Suoi diritti di accesso, revoca del consenso, rettifica, cancellazione e portabilit\u00e0, limitazione e\/o opposizione al trattamento, rivolgendosi al Data Protection Team, attraverso gli indirizzi postali sopra indicati e per via telematica a sat@groupgia.com<\/p>\n<\/div>\n<\/div>\n<p>[\/vc_column_text][vc_empty_space height=&#8221;100&#8243;][\/vc_column][\/vc_row]<\/p>\n<\/div>","protected":false},"excerpt":{"rendered":"<p>[vc_row][vc_column][vc_empty_space height=&#8221;20&#8243;][vc_custom_heading text=&#8221;Condizioni di garanzia&#8221; font_container=&#8221;tag:h1|text_align:left&#8221; use_theme_fonts=&#8221;yes&#8221;][vc_column_text]GIA GROUP garantisce l&#8217;intera gamma di prodotti venduti in Spagna per un periodo minimo di 3 anni in parti, manodopera e trasporto. In conformit\u00e0 a quanto sopra, GIA GROUP riparer\u00e0 o sostituir\u00e0 qualsiasi prodotto difettoso [&hellip;]<\/p>\n","protected":false},"author":2,"featured_media":0,"parent":0,"menu_order":0,"comment_status":"closed","ping_status":"closed","template":"tpl\/front-page.php","meta":{"_monsterinsights_skip_tracking":false,"_monsterinsights_sitenote_active":false,"_monsterinsights_sitenote_note":"","_monsterinsights_sitenote_category":0,"footnotes":""},"class_list":["post-6067","page","type-page","status-publish","hentry"],"_links":{"self":[{"href":"https:\/\/groupgia.com\/it\/wp-json\/wp\/v2\/pages\/6067","targetHints":{"allow":["GET"]}}],"collection":[{"href":"https:\/\/groupgia.com\/it\/wp-json\/wp\/v2\/pages"}],"about":[{"href":"https:\/\/groupgia.com\/it\/wp-json\/wp\/v2\/types\/page"}],"author":[{"embeddable":true,"href":"https:\/\/groupgia.com\/it\/wp-json\/wp\/v2\/users\/2"}],"replies":[{"embeddable":true,"href":"https:\/\/groupgia.com\/it\/wp-json\/wp\/v2\/comments?post=6067"}],"version-history":[{"count":0,"href":"https:\/\/groupgia.com\/it\/wp-json\/wp\/v2\/pages\/6067\/revisions"}],"wp:attachment":[{"href":"https:\/\/groupgia.com\/it\/wp-json\/wp\/v2\/media?parent=6067"}],"curies":[{"name":"wp","href":"https:\/\/api.w.org\/{rel}","templated":true}]}}