{"id":5851,"date":"2018-12-10T05:01:38","date_gmt":"2018-12-10T05:01:38","guid":{"rendered":"https:\/\/groupgia.es\/quienes-somos\/"},"modified":"2021-09-23T16:34:39","modified_gmt":"2021-09-23T14:34:39","slug":"quem-somos","status":"publish","type":"page","link":"https:\/\/groupgia.com\/pt\/quem-somos\/","title":{"rendered":"Quem somos?"},"content":{"rendered":"<div class=\"wpb-content-wrapper\"><p>[vc_row full_width=&#8221;stretch_row&#8221; parallax=&#8221;content-moving&#8221; parallax_image=&#8221;5787&#8243; default_id=&#8221;themesflat_1544600604&#8243;][vc_column]\r\n\t\t<div class=\"themesflat_sc_vc-spacer clearfix\" data-desktop=\"96\" data-mobi=\"60\" data-smobi=\"60\"><\/div>[vc_row_inner][vc_column_inner width=&#8221;1\/2&#8243;]<div class=\"themesflat_sc_vc-content-box clearfix  \" data-padding=\"\" data-mobipadding=\"\" data-margin=\"\" data-mobimargin=\"\" style=\"\">\r\n    \t\t\r\n    \t\t<div class=\"inner \" style=\"\">\r\n    \t\t\t<div class=\"themesflat_sc_vc-spacer clearfix\" data-desktop=\"5\" data-mobi=\"0\" data-smobi=\"40\"><\/div><div class=\"themesflat_sc_vc-headings clearfix \" data-font=33 data-mfont=24 style=\"\"><h1 class=\"heading clearfix\" style=\"font-weight:700;line-height:130%;margin-bottom:20px;letter-spacing:-2px;word-spacing:2px;font-size:33px;\">\r\n\t\t\tGrupo GIA, nossas origens\r\n\t\t<\/h1><div class=\"sep  clearfix\" style=\"width:100px;height:3px;background-color:#0578b0;\"><\/div><\/div>[vc_column_text css=&#8221;.vc_custom_1632386632128{margin-top: 20px !important;}&#8221;]O <strong>GIA GROUP<\/strong> nasceu em 2000, por profissionais com vasta experi\u00eancia no setor de climatiza\u00e7\u00e3o. Com capital 100% espanhol, nosso centro de opera\u00e7\u00f5es est\u00e1 localizado em Barcelona. O <strong>GIA GROUP<\/strong> est\u00e1 comprometido com um novo modelo de neg\u00f3cio, desenvolvendo a fabrica\u00e7\u00e3o de produtos de ar condicionado de alta efici\u00eancia e dispon\u00edveis para todos.[\/vc_column_text]\r\n\t\t<div class=\"themesflat_sc_vc-spacer clearfix\" data-desktop=\"24\" data-mobi=\"30\" data-smobi=\"30\"><\/div><div class=\"themesflat_sc_vc-list clearfix icon-left icon-middle\" style=\"\">\r\n\t\t\t<div style=\"margin-bottom:10px;\">\r\n\t\t\t\t<span style=\"padding-left:22px;color:#222222\"><span class=\"icon simple\" style=\"color:#0578b0;font-size:15px;\">\r\n\t\t\t\t<i class=\"fa fa-check-square\"><\/i>\r\n\t\t\t<\/span> <span style=\"font-weight:600;font-size:14px;\">Oferecemos produtos inovadores e de alta qualidade<\/span><\/span>\r\n\t\t\t<\/div>\r\n\t\t<\/div><div class=\"themesflat_sc_vc-list clearfix icon-left icon-middle\" style=\"\">\r\n\t\t\t<div style=\"margin-bottom:10px;\">\r\n\t\t\t\t<span style=\"padding-left:22px;color:#222222\"><span class=\"icon simple\" style=\"color:#0578b0;font-size:15px;\">\r\n\t\t\t\t<i class=\"fa fa-check-square\"><\/i>\r\n\t\t\t<\/span> <span style=\"font-weight:600;font-size:14px;\">Produtos com tecnologia de ponta do mercado<\/span><\/span>\r\n\t\t\t<\/div>\r\n\t\t<\/div><div class=\"themesflat_sc_vc-list clearfix icon-left icon-middle\" style=\"\">\r\n\t\t\t<div style=\"margin-bottom:10px;\">\r\n\t\t\t\t<span style=\"padding-left:22px;color:#222222\"><span class=\"icon simple\" style=\"color:#0578b0;font-size:15px;\">\r\n\t\t\t\t<i class=\"fa fa-check-square\"><\/i>\r\n\t\t\t<\/span> <span style=\"font-weight:600;font-size:14px;\">Todos os nossos produtos s\u00e3o amigos do ambiente<\/span><\/span>\r\n\t\t\t<\/div>\r\n\t\t<\/div>\n\r\n    \t\t<\/div>\r\n    \t<\/div>[\/vc_column_inner][vc_column_inner width=&#8221;1\/2&#8243;][\/vc_column_inner][\/vc_row_inner]\r\n\t\t<div class=\"themesflat_sc_vc-spacer clearfix\" data-desktop=\"95\" data-mobi=\"60\" data-smobi=\"60\"><\/div>[\/vc_column][\/vc_row][vc_row full_width=&#8221;stretch_row&#8221; default_id=&#8221;themesflat_1540447410&#8243;][vc_column]\r\n\t\t<div class=\"themesflat_sc_vc-spacer clearfix\" data-desktop=\"90\" data-mobi=\"60\" data-smobi=\"60\"><\/div><div class=\"themesflat_sc_vc-headings clearfix text-center\" data-font=33 data-mfont=24 style=\"\"><h2 class=\"heading clearfix\" style=\"font-weight:700;line-height:130%;margin-bottom:20px;letter-spacing:-2px;word-spacing:2px;font-size:33px;\">\r\n\t\t\tOs valores da nossa marca\r\n\t\t<\/h2><div class=\"sep  clearfix\" style=\"width:100px;height:3px;background-color:#0578b0;\"><\/div><\/div>\r\n\t\t<div class=\"themesflat_sc_vc-spacer clearfix\" data-desktop=\"30\" data-mobi=\"60\" data-smobi=\"60\"><\/div>[vc_row_inner][vc_column_inner offset=&#8221;vc_col-lg-1 vc_col-md-12&#8243;][\/vc_column_inner][vc_column_inner offset=&#8221;vc_col-lg-10 vc_col-md-12&#8243;]\r\n\t\t<div class=\"themesflat_sc_vc-tabs clearfix style-1\">\r\n\t\t<ul class=\"tab-title clearfix\" style=\"border-radius:5px;margin:0px 0px 10px 0px;box-shadow:0px 2px 10px 0px rgba(0,0,0,0.075);\" data-color=\"#111111\" data-colorhover=\"#2387ea\" data-coloractive=\"#2387ea\" data-bgcolor=\"#ffffff\" ><\/ul>\r\n\t\t<div class=\"tab-content-wrap\"><div class=\"tab-content \" style=\"\"><li class=\"item-title icon-top\" style=\"font-weight:600;font-size:15px;\">\r\n\t\t\t\t<span class=\"inner\" style=\"padding:15px 30px 21px;\">\r\n\t\t\t\t<div class=\"icon-wrap\" style=\"line-height:50px;width:50px;height:50px;font-size:40px;color:#0578b0;margin:0px 0px 7px 0px;\">\r\n\t\t\t\t\t<i class=\"vc-oi vc-oi-ok-circle\"><\/i>\r\n\t\t\t\t<\/div> Padr\u00f5es de qualidade\r\n\t\t\t\t<\/span>\r\n\t\t\t<\/li><div class=\"item-content\" style=\"color:#4b4b4a;background-color:#ffffff;padding:30px 0px 0px;\"><div class=\"themesflat_sc_vc-single-image   one-six overlay_hover_display \" style=\"\">\r\n\t\t\t\t<div class=\"wrap-image\" ><img decoding=\"async\" alt=\"image\" src=\"https:\/\/groupgia.com\/wp-content\/uploads\/2021\/09\/calidad.png\" style=\"\"\/><span class=\"overlay\" style=\"\"><\/span><\/div>\r\n\t\t\t\t\r\n\t\t\t<\/div><div class=\"themesflat_sc_vc-content-box clearfix  one-six\" data-padding=\"0px 15px\" data-mobipadding=\"\" data-margin=\"\" data-mobimargin=\"\" style=\"\">\r\n    \t\t\r\n    \t\t<div class=\"inner \" style=\"\">\r\n    \t\t\t<div class=\"themesflat_sc_vc-spacer clearfix\" data-desktop=\"0\" data-mobi=\"0\" data-smobi=\"30\"><\/div><div class=\"themesflat_sc_vc-headings clearfix \" data-font=30 style=\"\"><h3 class=\"heading clearfix\" style=\"font-weight:700;color:#222222;line-height:130%;margin-top:5px;margin-bottom:20px;letter-spacing:-2px;word-spacing:2px;font-size:30px;\">\r\n\t\t\tPadr\u00f5es de qualidade\r\n\t\t<\/h3><div class=\"sep  clearfix\" style=\"width:100px;height:3px;background-color:#0578b0;\"><\/div><\/div>[vc_column_text css=&#8221;.vc_custom_1632386776910{margin-top: 20px !important;margin-bottom: 20px !important;}&#8221;]Todos os nossos produtos passam por rigorosos controles de inspe\u00e7\u00e3o e verifica\u00e7\u00e3o, a fim de garantir a mais alta qualidade e, assim, garantir o cumprimento de nossos exigentes padr\u00f5es de fabrica\u00e7\u00e3o.[\/vc_column_text]<div class=\"themesflat_sc_vc-list clearfix icon-left icon-middle\" style=\"\">\r\n\t\t\t<div style=\"margin-bottom:10px;\">\r\n\t\t\t\t<span style=\"padding-left:23px;color:#222222\"><span class=\"icon simple\" style=\"color:#0578b0;font-size:16px;\">\r\n\t\t\t\t<i class=\"fa fa-check-circle\"><\/i>\r\n\t\t\t<\/span> <span style=\"font-weight:600;font-size:14px;\">Controles de qualidade<\/span><\/span>\r\n\t\t\t<\/div>\r\n\t\t<\/div><div class=\"themesflat_sc_vc-list clearfix icon-left icon-middle\" style=\"\">\r\n\t\t\t<div style=\"margin-bottom:10px;\">\r\n\t\t\t\t<span style=\"padding-left:23px;color:#222222\"><span class=\"icon simple\" style=\"color:#0578b0;font-size:16px;\">\r\n\t\t\t\t<i class=\"fa fa-check-circle\"><\/i>\r\n\t\t\t<\/span> <span style=\"font-weight:600;font-size:14px;\">Padr\u00f5es de fabrica\u00e7\u00e3o<\/span><\/span>\r\n\t\t\t<\/div>\r\n\t\t<\/div><div class=\"themesflat_sc_vc-list clearfix icon-left icon-middle\" style=\"\">\r\n\t\t\t<div style=\"margin-bottom:10px;\">\r\n\t\t\t\t<span style=\"padding-left:23px;color:#222222\"><span class=\"icon simple\" style=\"color:#0578b0;font-size:16px;\">\r\n\t\t\t\t<i class=\"fa fa-check-circle\"><\/i>\r\n\t\t\t<\/span> <span style=\"font-weight:600;font-size:14px;\">Materiais de qualidade<\/span><\/span>\r\n\t\t\t<\/div>\r\n\t\t<\/div>\n\r\n    \t\t<\/div>\r\n    \t<\/div>\n<\/div><\/div><div class=\"tab-content \" style=\"\"><li class=\"item-title icon-top\" style=\"font-weight:600;font-size:15px;\">\r\n\t\t\t\t<span class=\"inner\" style=\"padding:15px 26px 21px;\">\r\n\t\t\t\t<div class=\"icon-wrap\" style=\"line-height:50px;width:50px;height:50px;font-size:40px;color:#0578b0;margin:0px 0px 7px 0px;\">\r\n\t\t\t\t\t<i class=\"ion-android-globe\"><\/i>\r\n\t\t\t\t<\/div> Compromisso com o meio ambiente\r\n\t\t\t\t<\/span>\r\n\t\t\t<\/li><div class=\"item-content\" style=\"color:#999999;background-color:#ffffff;padding:30px 0px 0px;\"><div class=\"themesflat_sc_vc-single-image   one-six overlay_hover_display \" style=\"\">\r\n\t\t\t\t<div class=\"wrap-image\" ><img decoding=\"async\" alt=\"image\" src=\"https:\/\/groupgia.com\/wp-content\/uploads\/2021\/09\/ambiente.png\" style=\"\"\/><span class=\"overlay\" style=\"\"><\/span><\/div>\r\n\t\t\t\t\r\n\t\t\t<\/div><div class=\"themesflat_sc_vc-content-box clearfix  one-six\" data-padding=\"0px 15px\" data-mobipadding=\"\" data-margin=\"\" data-mobimargin=\"\" style=\"\">\r\n    \t\t\r\n    \t\t<div class=\"inner \" style=\"\">\r\n    \t\t\t<div class=\"themesflat_sc_vc-spacer clearfix\" data-desktop=\"0\" data-mobi=\"0\" data-smobi=\"30\"><\/div><div class=\"themesflat_sc_vc-headings clearfix \" data-font=30 style=\"\"><h3 class=\"heading clearfix\" style=\"font-weight:700;color:#222222;line-height:130%;margin-top:5px;margin-bottom:20px;letter-spacing:-2px;word-spacing:2px;font-size:30px;\">\r\n\t\t\tCompromisso com o meio ambiente\r\n\t\t<\/h3><div class=\"sep  clearfix\" style=\"width:100px;height:3px;background-color:#0578b0;\"><\/div><\/div>[vc_column_text css=&#8221;.vc_custom_1632386874343{margin-top: 20px !important;margin-bottom: 20px !important;}&#8221;]Todos os produtos, processos e servi\u00e7os do <strong>GIA GROUP<\/strong> cumprir\u00e3o, pelo menos, a legisla\u00e7\u00e3o aplic\u00e1vel, ser\u00e3o tomadas medidas ativas para promover uma gest\u00e3o eficiente do refrigerante e para estimular a concep\u00e7\u00e3o e produ\u00e7\u00e3o de produtos que utilizem um refrigerante com reduzido impacto ambiental.<\/p>\n<p>Todos os produtos e processos ser\u00e3o projetados de forma a minimizar o uso de energia e recursos necess\u00e1rios.<\/p>\n<p>A produ\u00e7\u00e3o de res\u00edduos ser\u00e1 evitada e os essenciais ser\u00e3o reciclados ao m\u00e1ximo e as embalagens minimizadas.[\/vc_column_text]<\/p>\n\r\n    \t\t<\/div>\r\n    \t<\/div>\n<\/div><\/div><div class=\"tab-content \" style=\"\"><li class=\"item-title icon-top\" style=\"font-weight:600;font-size:15px;\">\r\n\t\t\t\t<span class=\"inner\" style=\"padding:15px 30px 21px;\">\r\n\t\t\t\t<div class=\"icon-wrap\" style=\"line-height:50px;width:50px;height:50px;font-size:40px;color:#0578b0;margin:0px 0px 7px 0px;\">\r\n\t\t\t\t\t<i class=\"icon-users-2\"><\/i>\r\n\t\t\t\t<\/div> Satisfa\u00e7\u00e3o e confian\u00e7a\r\n\t\t\t\t<\/span>\r\n\t\t\t<\/li><div class=\"item-content\" style=\"color:#999999;background-color:#ffffff;padding:30px 0px 0px;\"><div class=\"themesflat_sc_vc-single-image   one-six overlay_hover_display \" style=\"\">\r\n\t\t\t\t<div class=\"wrap-image\" ><img decoding=\"async\" alt=\"image\" src=\"https:\/\/groupgia.com\/wp-content\/uploads\/2021\/09\/confianza.png\" style=\"\"\/><span class=\"overlay\" style=\"\"><\/span><\/div>\r\n\t\t\t\t\r\n\t\t\t<\/div><div class=\"themesflat_sc_vc-content-box clearfix  one-six\" data-padding=\"0px 15px\" data-mobipadding=\"\" data-margin=\"\" data-mobimargin=\"\" style=\"\">\r\n    \t\t\r\n    \t\t<div class=\"inner \" style=\"\">\r\n    \t\t\t<div class=\"themesflat_sc_vc-spacer clearfix\" data-desktop=\"0\" data-mobi=\"0\" data-smobi=\"30\"><\/div><div class=\"themesflat_sc_vc-headings clearfix \" data-font=30 style=\"\"><h3 class=\"heading clearfix\" style=\"font-weight:700;color:#222222;line-height:130%;margin-top:5px;margin-bottom:20px;letter-spacing:-2px;word-spacing:2px;font-size:30px;\">\r\n\t\t\tSatisfa\u00e7\u00e3o e confian\u00e7a\r\n\t\t<\/h3><div class=\"sep  clearfix\" style=\"width:100px;height:3px;background-color:#0578b0;\"><\/div><\/div>[vc_column_text css=&#8221;.vc_custom_1632386925910{margin-top: 20px !important;margin-bottom: 20px !important;}&#8221;]Gra\u00e7as \u00e0 nossa avan\u00e7ada tecnologia e rigorosos controles de qualidade, <strong>GIA GROUP<\/strong> fabrica todos os seus produtos com excelente qualidade e cuidando meticulosamente at\u00e9 o mais \u00ednfimo detalhe.<\/p>\n<p>Al\u00e9m disso, <strong>GIA GROUP<\/strong> possui uma extensa rede de Servi\u00e7os T\u00e9cnicos que o ajudar\u00e3o a dirimir qualquer d\u00favida ou consulta que possa surgir e sempre com o objetivo de satisfazer as exig\u00eancias dos nossos clientes.[\/vc_column_text]<\/p>\n\r\n    \t\t<\/div>\r\n    \t<\/div>\n<\/div><\/div><div class=\"tab-content \" style=\"\"><li class=\"item-title icon-top\" style=\"font-weight:600;font-size:15px;\">\r\n\t\t\t\t<span class=\"inner\" style=\"padding:15px 30px 21px;\">\r\n\t\t\t\t<div class=\"icon-wrap\" style=\"line-height:50px;width:50px;height:50px;font-size:40px;color:#0578b0;margin:0px 0px 7px 0px;\">\r\n\t\t\t\t\t<i class=\"icon_lightbulb_alt\"><\/i>\r\n\t\t\t\t<\/div> Tecnologia inovadora\r\n\t\t\t\t<\/span>\r\n\t\t\t<\/li><div class=\"item-content\" style=\"color:#999999;background-color:#ffffff;padding:30px 0px 0px;\"><div class=\"themesflat_sc_vc-single-image   one-six overlay_hover_display \" style=\"\">\r\n\t\t\t\t<div class=\"wrap-image\" ><img decoding=\"async\" alt=\"image\" src=\"https:\/\/groupgia.com\/wp-content\/uploads\/2021\/09\/innovation.png\" style=\"\"\/><span class=\"overlay\" style=\"\"><\/span><\/div>\r\n\t\t\t\t\r\n\t\t\t<\/div><div class=\"themesflat_sc_vc-content-box clearfix  one-six\" data-padding=\"0px 15px\" data-mobipadding=\"\" data-margin=\"\" data-mobimargin=\"\" style=\"\">\r\n    \t\t\r\n    \t\t<div class=\"inner \" style=\"\">\r\n    \t\t\t<div class=\"themesflat_sc_vc-spacer clearfix\" data-desktop=\"0\" data-mobi=\"0\" data-smobi=\"30\"><\/div><div class=\"themesflat_sc_vc-headings clearfix \" data-font=30 style=\"\"><h3 class=\"heading clearfix\" style=\"font-weight:700;color:#222222;line-height:130%;margin-top:5px;margin-bottom:20px;letter-spacing:-2px;word-spacing:2px;font-size:30px;\">\r\n\t\t\tTecnologia inovadora\r\n\t\t<\/h3><div class=\"sep  clearfix\" style=\"width:100px;height:3px;background-color:#0578b0;\"><\/div><\/div>[vc_column_text css=&#8221;.vc_custom_1632386959182{margin-top: 20px !important;margin-bottom: 20px !important;}&#8221;]O <strong>GIA GROUP<\/strong> projeta e distribui uma ampla gama de sofisticados sistemas de ar condicionado e produ\u00e7\u00e3o de \u00e1gua quente sanit\u00e1ria de alta tecnologia, incluindo chillers refrigerados a ar e \u00e1gua e bombas de calor, sistemas VRF, parede, teto, cassete e divis\u00f5es de piso, multisplits, sistemas compactos, aquecedores el\u00e9tricos e esquentadores que nos permitem responder a todo o tipo de necessidades dom\u00e9sticas, semi-industriais e industriais. Alta tecnologia ao alcance de todos.[\/vc_column_text]<\/p>\n\r\n    \t\t<\/div>\r\n    \t<\/div>\n<\/div><\/div><div class=\"tab-content \" style=\"\"><li class=\"item-title icon-top\" style=\"font-weight:600;font-size:15px;\">\r\n\t\t\t\t<span class=\"inner\" style=\"padding:15px 30px 21px;\">\r\n\t\t\t\t<div class=\"icon-wrap\" style=\"line-height:50px;width:50px;height:50px;font-size:40px;color:#0578b0;margin:0px 0px 7px 0px;\">\r\n\t\t\t\t\t<i class=\"entypo-icon entypo-icon-flash\"><\/i>\r\n\t\t\t\t<\/div> Economia de alta energia\r\n\t\t\t\t<\/span>\r\n\t\t\t<\/li><div class=\"item-content\" style=\"color:#999999;background-color:#ffffff;padding:30px 0px 0px;\"><div class=\"themesflat_sc_vc-single-image   one-six overlay_hover_display \" style=\"\">\r\n\t\t\t\t<div class=\"wrap-image\" ><img decoding=\"async\" alt=\"image\" src=\"https:\/\/groupgia.com\/wp-content\/uploads\/2021\/09\/energia.png\" style=\"\"\/><span class=\"overlay\" style=\"\"><\/span><\/div>\r\n\t\t\t\t\r\n\t\t\t<\/div><div class=\"themesflat_sc_vc-content-box clearfix  one-six\" data-padding=\"0px 15px\" data-mobipadding=\"\" data-margin=\"\" data-mobimargin=\"\" style=\"\">\r\n    \t\t\r\n    \t\t<div class=\"inner \" style=\"\">\r\n    \t\t\t<div class=\"themesflat_sc_vc-spacer clearfix\" data-desktop=\"0\" data-mobi=\"0\" data-smobi=\"30\"><\/div><div class=\"themesflat_sc_vc-headings clearfix \" data-font=30 style=\"\"><h3 class=\"heading clearfix\" style=\"font-weight:700;color:#222222;line-height:130%;margin-top:5px;margin-bottom:20px;letter-spacing:-2px;word-spacing:2px;font-size:30px;\">\r\n\t\t\tEconomia de alta energia\r\n\t\t<\/h3><div class=\"sep  clearfix\" style=\"width:100px;height:3px;background-color:#0578b0;\"><\/div><\/div>[vc_column_text css=&#8221;.vc_custom_1632386988197{margin-top: 20px !important;margin-bottom: 20px !important;}&#8221;]Desde a sua cria\u00e7\u00e3o, o <strong>GIA GROUP<\/strong> sempre optou pelo desenvolvimento tecnol\u00f3gico que direciona seus esfor\u00e7os para a redu\u00e7\u00e3o do consumo de recursos naturais e o respeito ao meio ambiente.<\/p>\n<p>N\u00e3o s\u00f3 conseguimos reduzir o consumo e os n\u00edveis de ru\u00eddo para benef\u00edcio do utilizador final, como tamb\u00e9m conseguimos minimizar o impacto ambiental, reduzindo a polui\u00e7\u00e3o sonora e as emiss\u00f5es de CO2.[\/vc_column_text]<div class=\"themesflat_sc_vc-list clearfix icon-left icon-middle\" style=\"\">\r\n\t\t\t<div style=\"margin-bottom:10px;\">\r\n\t\t\t\t<span style=\"padding-left:23px;color:#222222\"><span class=\"icon simple\" style=\"color:#0578b0;font-size:16px;\">\r\n\t\t\t\t<i class=\"fa fa-check-circle\"><\/i>\r\n\t\t\t<\/span> <span style=\"font-weight:600;font-size:14px;\">Respeito pelo meio ambiente<\/span><\/span>\r\n\t\t\t<\/div>\r\n\t\t<\/div>\n\r\n    \t\t<\/div>\r\n    \t<\/div>\n<\/div><\/div>\n<\/div><\/div>[\/vc_column_inner][vc_column_inner offset=&#8221;vc_col-lg-1 vc_col-md-12&#8243;][\/vc_column_inner][\/vc_row_inner]\r\n\t\t<div class=\"themesflat_sc_vc-spacer clearfix\" data-desktop=\"71\" data-mobi=\"60\" data-smobi=\"60\"><\/div>[\/vc_column][\/vc_row][vc_row full_width=&#8221;stretch_row&#8221; css=&#8221;.vc_custom_1631788285903{margin-top: 30px !important;background-color: #f1f1f1 !important;}&#8221; el_id=&#8221;marcas&#8221;][vc_column]\r\n\t\t<div class=\"themesflat_sc_vc-spacer clearfix\" data-desktop=\"90\" data-mobi=\"60\" data-smobi=\"60\"><\/div>[vc_row_inner][vc_column_inner width=&#8221;1\/2&#8243;]<div class=\"themesflat_sc_vc-content-box clearfix  \" data-padding=\"\" data-mobipadding=\"\" data-margin=\"\" data-mobimargin=\"\" style=\"border-radius:5px;\">\r\n    \t\t\r\n    \t\t<div class=\"inner \" style=\"border-radius:5px; overflow: hidden;box-shadow:0px 20px 40px 0px rgba(0,0,0,0.2);\">\r\n    \t\t\t<div class=\"themesflat_sc_vc-image-video    overlay_hover_display \" style=\"\">\r\n\t\t\t\t<div class=\"wrap-image\" ><img decoding=\"async\" alt=\"image\" src=\"https:\/\/groupgia.com\/wp-content\/uploads\/2021\/09\/marcas.jpg\" style=\"border-radius:5;\"\/><span class=\"overlay\" style=\"border-radius:5;\"><\/span><\/div>\r\n\t\t\t\t\r\n\t\t\t<\/div>\n\r\n    \t\t<\/div>\r\n    \t<\/div>[\/vc_column_inner][vc_column_inner width=&#8221;1\/2&#8243;]\r\n\t\t<div class=\"themesflat_sc_vc-spacer clearfix\" data-desktop=\"5\" data-mobi=\"0\" data-smobi=\"40\"><\/div><div class=\"themesflat_sc_vc-content-box clearfix  \" data-padding=\"0% 0% 0% 8%\" data-mobipadding=\"0% 0% 0% 0%\" data-margin=\"\" data-mobimargin=\"\" style=\"\">\r\n    \t\t\r\n    \t\t<div class=\"inner \" style=\"\">\r\n    \t\t\t<div class=\"themesflat_sc_vc-headings clearfix \" data-font=33 data-mfont=24 style=\"\"><h2 class=\"heading clearfix\" style=\"font-weight:700;line-height:130%;margin-bottom:20px;letter-spacing:-2px;word-spacing:2px;font-size:33px;\">\r\n\t\t\tMarcas pr\u00f3prias\r\n\t\t<\/h2><div class=\"sep  clearfix\" style=\"width:100px;height:3px;background-color:#0578b0;\"><\/div><\/div>[vc_column_text css=&#8221;.vc_custom_1632387101430{margin-top: 20px !important;}&#8221;]<\/p>\n<div class=\"et_pb_section et_pb_section_1 et_pb_with_background et_section_regular\">\n<div class=\" et_pb_row et_pb_row_0\">\n<div class=\"et_pb_column et_pb_column_4_4 et_pb_column_0\">\n<div class=\"et_pb_text et_pb_module et_pb_bg_layout_light et_pb_text_align_left et_pb_text_0\">\n<p>No <strong>GIA GROUP<\/strong> continuamos a aumentar a nossa presen\u00e7a no mercado com as nossas duas marcas. Sempre apostando em projetos eficazes e eficientes, que proporcionem solu\u00e7\u00f5es completas e que ofere\u00e7am o melhor servi\u00e7o aos nossos clientes.<\/p>\n<\/div>\n<\/div>\n<\/div>\n<\/div>\n<p>[\/vc_column_text]<div class=\"themesflat_sc_vc-list clearfix icon-left icon-middle\" style=\"\">\r\n\t\t\t<div style=\"margin-bottom:10px;\">\r\n\t\t\t\t<span style=\"padding-left:22px;color:#222222\"><span class=\"icon simple\" style=\"color:#0578b0;font-size:15px;\">\r\n\t\t\t\t<i class=\"fa fa-check-square\"><\/i>\r\n\t\t\t<\/span> <span style=\"font-weight:600;font-size:14px;\">HTW (QUALITY COMFORT EVERYWHERE)<\/span><\/span>\r\n\t\t\t<\/div>\r\n\t\t<\/div><div class=\"themesflat_sc_vc-list clearfix icon-left icon-middle\" style=\"\">\r\n\t\t\t<div style=\"margin-bottom:10px;\">\r\n\t\t\t\t<span style=\"padding-left:22px;color:#222222\"><span class=\"icon simple\" style=\"color:#0578b0;font-size:15px;\">\r\n\t\t\t\t<i class=\"fa fa-check-square\"><\/i>\r\n\t\t\t<\/span> <span style=\"font-weight:600;font-size:14px;\">GIATSU<\/span><\/span>\r\n\t\t\t<\/div>\r\n\t\t<\/div>\n\r\n    \t\t<\/div>\r\n    \t<\/div>[\/vc_column_inner][\/vc_row_inner]\r\n\t\t<div class=\"themesflat_sc_vc-spacer clearfix\" data-desktop=\"90\" data-mobi=\"60\" data-smobi=\"60\"><\/div>[\/vc_column][\/vc_row]<\/p>\n<\/div>","protected":false},"excerpt":{"rendered":"<p>[vc_row full_width=&#8221;stretch_row&#8221; parallax=&#8221;content-moving&#8221; parallax_image=&#8221;5787&#8243; default_id=&#8221;themesflat_1544600604&#8243;][vc_column][vc_row_inner][vc_column_inner width=&#8221;1\/2&#8243;][\/vc_column_inner][vc_column_inner width=&#8221;1\/2&#8243;][\/vc_column_inner][\/vc_row_inner][\/vc_column][\/vc_row][vc_row full_width=&#8221;stretch_row&#8221; default_id=&#8221;themesflat_1540447410&#8243;][vc_column][vc_row_inner][vc_column_inner offset=&#8221;vc_col-lg-1 vc_col-md-12&#8243;][\/vc_column_inner][vc_column_inner offset=&#8221;vc_col-lg-10 vc_col-md-12&#8243;][\/vc_column_inner][vc_column_inner offset=&#8221;vc_col-lg-1 vc_col-md-12&#8243;][\/vc_column_inner][\/vc_row_inner][\/vc_column][\/vc_row][vc_row full_width=&#8221;stretch_row&#8221; css=&#8221;.vc_custom_1631788285903{margin-top: 30px !important;background-color: #f1f1f1 !important;}&#8221; el_id=&#8221;marcas&#8221;][vc_column][vc_row_inner][vc_column_inner width=&#8221;1\/2&#8243;][\/vc_column_inner][vc_column_inner width=&#8221;1\/2&#8243;][\/vc_column_inner][\/vc_row_inner][\/vc_column][\/vc_row]<\/p>\n","protected":false},"author":2,"featured_media":0,"parent":0,"menu_order":0,"comment_status":"closed","ping_status":"closed","template":"tpl\/page_nosidebar.php","meta":{"_monsterinsights_skip_tracking":false,"_monsterinsights_sitenote_active":false,"_monsterinsights_sitenote_note":"","_monsterinsights_sitenote_category":0,"footnotes":""},"class_list":["post-5851","page","type-page","status-publish","hentry"],"_links":{"self":[{"href":"https:\/\/groupgia.com\/pt\/wp-json\/wp\/v2\/pages\/5851","targetHints":{"allow":["GET"]}}],"collection":[{"href":"https:\/\/groupgia.com\/pt\/wp-json\/wp\/v2\/pages"}],"about":[{"href":"https:\/\/groupgia.com\/pt\/wp-json\/wp\/v2\/types\/page"}],"author":[{"embeddable":true,"href":"https:\/\/groupgia.com\/pt\/wp-json\/wp\/v2\/users\/2"}],"replies":[{"embeddable":true,"href":"https:\/\/groupgia.com\/pt\/wp-json\/wp\/v2\/comments?post=5851"}],"version-history":[{"count":0,"href":"https:\/\/groupgia.com\/pt\/wp-json\/wp\/v2\/pages\/5851\/revisions"}],"wp:attachment":[{"href":"https:\/\/groupgia.com\/pt\/wp-json\/wp\/v2\/media?parent=5851"}],"curies":[{"name":"wp","href":"https:\/\/api.w.org\/{rel}","templated":true}]}}