{"id":6003,"date":"2021-09-21T06:17:27","date_gmt":"2021-09-21T06:17:27","guid":{"rendered":"https:\/\/groupgia.com\/politica-de-cookies\/"},"modified":"2021-09-23T11:05:42","modified_gmt":"2021-09-23T09:05:42","slug":"politica-de-cookies","status":"publish","type":"page","link":"https:\/\/groupgia.com\/pt\/politica-de-cookies\/","title":{"rendered":"Pol\u00edtica de cookies"},"content":{"rendered":"<div class=\"wpb-content-wrapper\"><p>[vc_row][vc_column]\r\n\t\t<div class=\"themesflat_sc_vc-spacer clearfix\" data-desktop=\"20\" data-mobi=\"20\" data-smobi=\"20\"><\/div><div class=\"themesflat_sc_vc-headings clearfix \"  style=\"\"><h1 class=\"heading clearfix\" style=\"\">\r\n\t\t\tPol\u00edtica de cookies\r\n\t\t<\/h1><\/div>\r\n\t\t<div class=\"themesflat_sc_vc-spacer clearfix\" data-desktop=\"15\" data-mobi=\"15\" data-smobi=\"15\"><\/div>[vc_column_text]Um cookie \u00e9 um pequeno arquivo de texto armazenado em seu navegador quando voc\u00ea visita quase todas as p\u00e1ginas da web. Sua utilidade \u00e9 que a web \u00e9 capaz de lembrar sua visita quando voc\u00ea retorna para navegar naquela p\u00e1gina. Os cookies geralmente armazenam informa\u00e7\u00f5es t\u00e9cnicas, prefer\u00eancias pessoais, personaliza\u00e7\u00e3o de conte\u00fado, estat\u00edsticas de uso, links para redes sociais, acesso a contas de usu\u00e1rio, etc. O objetivo do cookie \u00e9 adaptar o conte\u00fado da web ao seu perfil e necessidades, sem cookies os servi\u00e7os oferecidos por qualquer p\u00e1gina seriam significativamente reduzidos.[\/vc_column_text]\r\n\t\t<div class=\"themesflat_sc_vc-spacer clearfix\" data-desktop=\"15\" data-mobi=\"15\" data-smobi=\"15\"><\/div>[\/vc_column][\/vc_row][vc_row][vc_column]\r\n\t\t<div class=\"themesflat_sc_vc-spacer clearfix\" data-desktop=\"20\" data-mobi=\"20\" data-smobi=\"20\"><\/div><div class=\"themesflat_sc_vc-headings clearfix \"  style=\"\"><h2 class=\"heading clearfix\" style=\"\">\r\n\t\t\tCookies usados  neste site\r\n\t\t<\/h2><\/div>\r\n\t\t<div class=\"themesflat_sc_vc-spacer clearfix\" data-desktop=\"15\" data-mobi=\"15\" data-smobi=\"15\"><\/div>[vc_column_text]Seguindo as orienta\u00e7\u00f5es da Ag\u00eancia Espanhola de Prote\u00e7\u00e3o de Dados, procedemos ao detalhamento do uso dos cookies efetuados por este site, a fim de inform\u00e1-lo com a maior exatid\u00e3o poss\u00edvel.<\/p>\n<p>Este site usa os seguintes cookies pr\u00f3prios:<\/p>\n<ul>\n<li>Cookies de sess\u00e3o, para garantir que os usu\u00e1rios que escrevem coment\u00e1rios no blog sejam aplicativos humanos e n\u00e3o automatizados. Desta forma, o spam \u00e9 combatido.<\/li>\n<\/ul>\n<p>Este site usa os seguintes cookies de terceiros:<\/p>\n<ul>\n<li>Google Analytics: Armazena cookies para poder compilar estat\u00edsticas sobre o tr\u00e1fego e o volume de visitas a este site. Ao utilizar este site, voc\u00ea concorda com o processamento de informa\u00e7\u00f5es sobre voc\u00ea pelo Google. Portanto, o exerc\u00edcio de qualquer direito a esse respeito deve ser feito por meio de comunica\u00e7\u00e3o direta com o Google.<\/li>\n<li>Redes sociais: Cada rede social usa seus pr\u00f3prios cookies para que voc\u00ea possa clicar em bot\u00f5es como Curtir ou Compartilhar.<\/li>\n<\/ul>\n<p>[\/vc_column_text]\r\n\t\t<div class=\"themesflat_sc_vc-spacer clearfix\" data-desktop=\"15\" data-mobi=\"15\" data-smobi=\"15\"><\/div>[\/vc_column][\/vc_row][vc_row][vc_column]\r\n\t\t<div class=\"themesflat_sc_vc-spacer clearfix\" data-desktop=\"20\" data-mobi=\"20\" data-smobi=\"20\"><\/div><div class=\"themesflat_sc_vc-headings clearfix \"  style=\"\"><h2 class=\"heading clearfix\" style=\"\">\r\n\t\t\tDesativa\u00e7\u00e3o ou elimina\u00e7\u00e3o de cookies\r\n\t\t<\/h2><\/div>\r\n\t\t<div class=\"themesflat_sc_vc-spacer clearfix\" data-desktop=\"15\" data-mobi=\"15\" data-smobi=\"15\"><\/div>[vc_column_text]A qualquer momento, voc\u00ea pode exercer o seu direito de desativar ou excluir cookies deste site. Essas a\u00e7\u00f5es s\u00e3o realizadas de forma diferente dependendo do navegador que voc\u00ea est\u00e1 usando.[\/vc_column_text]\r\n\t\t<div class=\"themesflat_sc_vc-spacer clearfix\" data-desktop=\"15\" data-mobi=\"15\" data-smobi=\"15\"><\/div>[\/vc_column][\/vc_row][vc_row][vc_column]\r\n\t\t<div class=\"themesflat_sc_vc-spacer clearfix\" data-desktop=\"20\" data-mobi=\"20\" data-smobi=\"20\"><\/div><div class=\"themesflat_sc_vc-headings clearfix \"  style=\"\"><h2 class=\"heading clearfix\" style=\"\">\r\n\t\t\tNotas Adicionais\r\n\t\t<\/h2><\/div>\r\n\t\t<div class=\"themesflat_sc_vc-spacer clearfix\" data-desktop=\"15\" data-mobi=\"15\" data-smobi=\"15\"><\/div>[vc_column_text]<\/p>\n<ul>\n<li>Nem este site nem seus representantes legais s\u00e3o respons\u00e1veis \u200b\u200bpelo conte\u00fado ou pela veracidade das pol\u00edticas de privacidade que os terceiros mencionados nesta pol\u00edtica de cookies possam ter.<\/li>\n<li>Os navegadores da Web s\u00e3o as ferramentas encarregadas de armazenar cookies e, a partir deste local, voc\u00ea deve exercer o seu direito de elimin\u00e1-los ou desativ\u00e1-los. Nem este site nem seus representantes legais podem garantir o manuseio correto ou incorreto dos cookies pelos navegadores mencionados.<\/li>\n<li>Em alguns casos \u00e9 necess\u00e1rio instalar cookies para que o navegador n\u00e3o se esque\u00e7a da sua decis\u00e3o de n\u00e3o os aceitar.<\/li>\n<li>No caso dos cookies do Google Analytics, esta empresa armazena cookies em servidores localizados nos Estados Unidos e se compromete a n\u00e3o compartilh\u00e1-los com terceiros, exceto nos casos em que seja necess\u00e1rio para o funcionamento do sistema ou quando a lei assim o exigir um efeito. De acordo com o Google, ele n\u00e3o salva seu endere\u00e7o IP. Google Inc. \u00e9 uma empresa aderida ao Acordo de Porto Seguro que garante que todos os dados transferidos ser\u00e3o tratados com um n\u00edvel de prote\u00e7\u00e3o de acordo com os regulamentos europeus. Se voc\u00ea deseja obter informa\u00e7\u00f5es sobre o uso que o Google d\u00e1 aos cookies, anexamos este outro link.<\/li>\n<li>Para qualquer d\u00favida ou consulta sobre esta pol\u00edtica de cookies, n\u00e3o hesite em nos contatar atrav\u00e9s da se\u00e7\u00e3o de contato.<\/li>\n<\/ul>\n<p>[\/vc_column_text]\r\n\t\t<div class=\"themesflat_sc_vc-spacer clearfix\" data-desktop=\"40\" data-mobi=\"40\" data-smobi=\"40\"><\/div>[\/vc_column][\/vc_row]<\/p>\n<\/div>","protected":false},"excerpt":{"rendered":"<p>[vc_row][vc_column][vc_column_text]Um cookie \u00e9 um pequeno arquivo de texto armazenado em seu navegador quando voc\u00ea visita quase todas as p\u00e1ginas da web. Sua utilidade \u00e9 que a web \u00e9 capaz de lembrar sua visita quando voc\u00ea retorna para navegar naquela p\u00e1gina. Os [&hellip;]<\/p>\n","protected":false},"author":2,"featured_media":0,"parent":0,"menu_order":0,"comment_status":"closed","ping_status":"closed","template":"tpl\/front-page.php","meta":{"_monsterinsights_skip_tracking":false,"_monsterinsights_sitenote_active":false,"_monsterinsights_sitenote_note":"","_monsterinsights_sitenote_category":0,"footnotes":""},"class_list":["post-6003","page","type-page","status-publish","hentry"],"_links":{"self":[{"href":"https:\/\/groupgia.com\/pt\/wp-json\/wp\/v2\/pages\/6003","targetHints":{"allow":["GET"]}}],"collection":[{"href":"https:\/\/groupgia.com\/pt\/wp-json\/wp\/v2\/pages"}],"about":[{"href":"https:\/\/groupgia.com\/pt\/wp-json\/wp\/v2\/types\/page"}],"author":[{"embeddable":true,"href":"https:\/\/groupgia.com\/pt\/wp-json\/wp\/v2\/users\/2"}],"replies":[{"embeddable":true,"href":"https:\/\/groupgia.com\/pt\/wp-json\/wp\/v2\/comments?post=6003"}],"version-history":[{"count":0,"href":"https:\/\/groupgia.com\/pt\/wp-json\/wp\/v2\/pages\/6003\/revisions"}],"wp:attachment":[{"href":"https:\/\/groupgia.com\/pt\/wp-json\/wp\/v2\/media?parent=6003"}],"curies":[{"name":"wp","href":"https:\/\/api.w.org\/{rel}","templated":true}]}}